{"id":50201,"date":"2025-07-01T14:06:10","date_gmt":"2025-07-01T13:06:10","guid":{"rendered":"https:\/\/cpps.pt\/?page_id=50201"},"modified":"2025-07-08T23:16:44","modified_gmt":"2025-07-08T22:16:44","slug":"vocacoes","status":"publish","type":"page","link":"https:\/\/cpps.pt\/es\/vocacoes\/","title":{"rendered":"Vocaciones"},"content":{"rendered":"<div data-elementor-type=\"wp-page\" data-elementor-id=\"50201\" class=\"elementor elementor-50201\" data-elementor-post-type=\"page\">\n\t\t\t\t<div class=\"elementor-element elementor-element-78bfb95f e-flex e-con-boxed e-con e-parent\" data-id=\"78bfb95f\" data-element_type=\"container\" data-settings=\"{&quot;background_background&quot;:&quot;classic&quot;}\">\n\t\t\t\t\t<div class=\"e-con-inner\">\n\t\t\t\t<div class=\"elementor-element elementor-element-540c0602 elementor-widget-divider--view-line elementor-widget elementor-widget-divider\" data-id=\"540c0602\" data-element_type=\"widget\" data-widget_type=\"divider.default\">\n\t\t\t\t<div class=\"elementor-widget-container\">\n\t\t\t\t\t\t\t<div class=\"elementor-divider\">\n\t\t\t<span class=\"elementor-divider-separator\">\n\t\t\t\t\t\t<\/span>\n\t\t<\/div>\n\t\t\t\t\t\t<\/div>\n\t\t\t\t<\/div>\n\t\t<div class=\"elementor-element elementor-element-4c4ae98e e-flex e-con-boxed e-con e-child\" data-id=\"4c4ae98e\" data-element_type=\"container\">\n\t\t\t\t\t<div class=\"e-con-inner\">\n\t\t\t\t<div class=\"elementor-element elementor-element-6081cf7 elementor-widget elementor-widget-text-editor\" data-id=\"6081cf7\" data-element_type=\"widget\" data-widget_type=\"text-editor.default\">\n\t\t\t\t<div class=\"elementor-widget-container\">\n\t\t\t\t\t\t\t\t\t<p><span style=\"font-weight: 400;\">VEN Y S\u00cdGUEME<\/span><\/p>\t\t\t\t\t\t\t\t<\/div>\n\t\t\t\t<\/div>\n\t\t\t\t<div class=\"elementor-element elementor-element-2463e1f elementor-view-default elementor-widget elementor-widget-icon\" data-id=\"2463e1f\" data-element_type=\"widget\" data-widget_type=\"icon.default\">\n\t\t\t\t<div class=\"elementor-widget-container\">\n\t\t\t\t\t\t\t<div class=\"elementor-icon-wrapper\">\n\t\t\t<div class=\"elementor-icon\">\n\t\t\t<svg xmlns=\"http:\/\/www.w3.org\/2000\/svg\" viewbox=\"0 0 25 22\"><path d=\"M24.846.345v4.16c-.996.087-1.906.477-2.73 1.17-.78.694-1.408 1.582-1.884 2.665-.434 1.04-.65 2.188-.65 3.445h5.07v10.01H14.315V12.89c0-2.73.477-4.983 1.43-6.76.997-1.776 2.297-3.141 3.9-4.095a12.275 12.275 0 0 1 5.2-1.69Zm-14.104 0v4.16c-.997.087-1.907.477-2.73 1.17-.78.694-1.409 1.582-1.886 2.665-.433 1.04-.65 2.188-.65 3.445h5.006v10.01H.146V12.89c0-2.73.499-4.983 1.495-6.76.997-1.776 2.297-3.141 3.9-4.095a12.275 12.275 0 0 1 5.2-1.69Z\"><\/path><\/svg>\t\t\t<\/div>\n\t\t<\/div>\n\t\t\t\t\t\t<\/div>\n\t\t\t\t<\/div>\n\t\t\t\t<div class=\"elementor-element elementor-element-27fa49b3 elementor-widget elementor-widget-testimonial\" data-id=\"27fa49b3\" data-element_type=\"widget\" data-widget_type=\"testimonial.default\">\n\t\t\t\t<div class=\"elementor-widget-container\">\n\t\t\t\t\t\t\t<div class=\"elementor-testimonial-wrapper\">\n\t\t\t\t\t\t\t<div class=\"elementor-testimonial-content\">Mientras caminaba junto al mar de Galilea, vio a dos hermanos, Sim\u00f3n, llamado Pedro, y su hermano Andr\u00e9s, echando la red al mar; pues eran pescadores. Y les dijo: \u00abS\u00edganme, y los har\u00e9 pescadores de hombres\u00bb. Y ellos al instante dejaron las redes y lo siguieron.<\/div>\n\t\t\t\n\t\t\t\t\t\t<div class=\"elementor-testimonial-meta\">\n\t\t\t\t<div class=\"elementor-testimonial-meta-inner\">\n\t\t\t\t\t\n\t\t\t\t\t\t\t\t\t\t<div class=\"elementor-testimonial-details\">\n\t\t\t\t\t\t\t\t\t\t\t\t\t\t\t\t\t\t\t\t<div class=\"elementor-testimonial-job\">(Mt 4,18-20)<\/div>\n\t\t\t\t\t\t\t\t\t\t\t\t\t<\/div>\n\t\t\t\t\t\t\t\t\t<\/div>\n\t\t\t<\/div>\n\t\t\t\t\t<\/div>\n\t\t\t\t\t\t<\/div>\n\t\t\t\t<\/div>\n\t\t\t\t<div class=\"elementor-element elementor-element-6c6130c elementor-widget elementor-widget-text-editor\" data-id=\"6c6130c\" data-element_type=\"widget\" data-widget_type=\"text-editor.default\">\n\t\t\t\t<div class=\"elementor-widget-container\">\n\t\t\t\t\t\t\t\t\tJes\u00fas sigue llamando a hombres y mujeres a ser sus disc\u00edpulos a trav\u00e9s de la vida consagrada. Si escuchas su voz, responde: eres un disc\u00edpulo misionero.\t\t\t\t\t\t\t\t<\/div>\n\t\t\t\t<\/div>\n\t\t\t\t\t<\/div>\n\t\t\t\t<\/div>\n\t\t\t\t\t<\/div>\n\t\t\t\t<\/div>\n\t\t\t\t<\/div>","protected":false},"excerpt":{"rendered":"<p>VEM E SEGUE-ME \u201cAo caminhar junto do mar da Galileia viu dois irm\u00e3os, Sim\u00e3o, chamado Pedro, e Andr\u00e9, seu irm\u00e3o, lan\u00e7ando uma rede ao mar, pois eram pescadores. E disse-lhes: \u00abVinde atr\u00e1s de mim, e farei de v\u00f3s pescadores de homens\u00bb. E eles, deixando imediatamente as redes, seguiram-no\u201d (Mt 4,18-20) Jesus continua a chamar homens [&hellip;]<\/p>","protected":false},"author":2,"featured_media":0,"parent":0,"menu_order":0,"comment_status":"closed","ping_status":"closed","template":"","meta":{"iawp_total_views":42,"footnotes":""},"class_list":["post-50201","page","type-page","status-publish","hentry"],"_links":{"self":[{"href":"https:\/\/cpps.pt\/es\/wp-json\/wp\/v2\/pages\/50201"}],"collection":[{"href":"https:\/\/cpps.pt\/es\/wp-json\/wp\/v2\/pages"}],"about":[{"href":"https:\/\/cpps.pt\/es\/wp-json\/wp\/v2\/types\/page"}],"author":[{"embeddable":true,"href":"https:\/\/cpps.pt\/es\/wp-json\/wp\/v2\/users\/2"}],"replies":[{"embeddable":true,"href":"https:\/\/cpps.pt\/es\/wp-json\/wp\/v2\/comments?post=50201"}],"version-history":[{"count":19,"href":"https:\/\/cpps.pt\/es\/wp-json\/wp\/v2\/pages\/50201\/revisions"}],"predecessor-version":[{"id":50222,"href":"https:\/\/cpps.pt\/es\/wp-json\/wp\/v2\/pages\/50201\/revisions\/50222"}],"wp:attachment":[{"href":"https:\/\/cpps.pt\/es\/wp-json\/wp\/v2\/media?parent=50201"}],"curies":[{"name":"wp","href":"https:\/\/api.w.org\/{rel}","templated":true}]}}