{"id":50421,"date":"2025-07-17T17:21:10","date_gmt":"2025-07-17T16:21:10","guid":{"rendered":"https:\/\/cpps.pt\/?page_id=50421"},"modified":"2025-07-17T18:14:46","modified_gmt":"2025-07-17T17:14:46","slug":"politica-de-privacidade","status":"publish","type":"page","link":"https:\/\/cpps.pt\/es\/politica-de-privacidade\/","title":{"rendered":"pol\u00edtica de privacidad"},"content":{"rendered":"<div data-elementor-type=\"wp-page\" data-elementor-id=\"50421\" class=\"elementor elementor-50421\" data-elementor-post-type=\"page\">\n\t\t\t\t<div class=\"elementor-element elementor-element-47da651 e-flex e-con-boxed e-con e-parent\" data-id=\"47da651\" data-element_type=\"container\">\n\t\t\t\t\t<div class=\"e-con-inner\">\n\t\t\t\t<div class=\"elementor-element elementor-element-a20f6cb elementor-widget elementor-widget-gva-heading-block\" data-id=\"a20f6cb\" data-element_type=\"widget\" data-widget_type=\"gva-heading-block.default\">\n\t\t\t\t<div class=\"elementor-widget-container\">\n\t\t\t\t\t<div class=\"gva-element-gva-heading-block gva-element\">   <div class=\"align-center style-1 widget gsc-heading box-align-center auto-responsive\">\r\n      <div class=\"content-inner\">\r\n         \r\n                  \r\n           \r\n         \r\n                     <h2 class=\"title\">\r\n               <span>pol\u00edtica de privacidad<\/span>\r\n            <\/h2>\r\n                  \r\n                     <div class=\"title-desc\">\u00daltima actualizaci\u00f3n el 17 de julio de 2025<\/div>\r\n         \r\n         \r\n      <\/div>\r\n   <\/div>\r\n<\/div>\t\t\t\t<\/div>\n\t\t\t\t<\/div>\n\t\t\t\t<div class=\"elementor-element elementor-element-bc7859e elementor-widget elementor-widget-text-editor\" data-id=\"bc7859e\" data-element_type=\"widget\" data-widget_type=\"text-editor.default\">\n\t\t\t\t<div class=\"elementor-widget-container\">\n\t\t\t\t\t\t\t\t\t<p>Esta Pol\u00edtica de Privacidad describe las pol\u00edticas de CPPS \u2013 Mission\u00e1rios do Precios\u00edssimo Sangue (Prov\u00edncia Ib\u00e9rica), con respecto a la recopilaci\u00f3n, uso y divulgaci\u00f3n de su informaci\u00f3n que recopilamos cuando utiliza nuestro sitio web (<em>https:\/\/www.cpps.pt\/<\/em>).<\/p><p>Al acceder o utilizar el sitio web, usted consiente la recopilaci\u00f3n, el uso y la divulgaci\u00f3n de su informaci\u00f3n de acuerdo con esta Pol\u00edtica de Privacidad. Si no est\u00e1 de acuerdo, no acceda ni utilice el sitio web.<\/p><p>Podemos modificar esta Pol\u00edtica de Privacidad en cualquier momento, sin previo aviso, y publicaremos la Pol\u00edtica de Privacidad actualizada en el sitio web. La Pol\u00edtica actualizada entrar\u00e1 en vigor 180 d\u00edas despu\u00e9s de su publicaci\u00f3n en el sitio web, y su acceso o uso continuado del sitio web despu\u00e9s de ese per\u00edodo constituir\u00e1 su aceptaci\u00f3n de la Pol\u00edtica de Privacidad revisada. Por lo tanto, le recomendamos que visite y revise esta p\u00e1gina peri\u00f3dicamente.<\/p><p><strong>SUS DERECHOS<\/strong><br \/>Seg\u00fan la legislaci\u00f3n aplicable, usted podr\u00eda tener derecho a acceder, rectificar o suprimir sus datos personales, o a recibir una copia de los mismos, restringir u oponerse al tratamiento activo de sus datos, solicitar que compartamos (transfiramos) su informaci\u00f3n personal a otra entidad, retirar cualquier consentimiento que nos haya dado para el tratamiento de sus datos, el derecho a presentar una reclamaci\u00f3n ante una autoridad legal y otros derechos que puedan ser pertinentes seg\u00fan la legislaci\u00f3n aplicable. Para ejercer estos derechos, puede escribirnos a <em>epd@cpps.pt<\/em>Responderemos a su solicitud de acuerdo con la legislaci\u00f3n aplicable.<\/p><p>Tenga en cuenta que si no nos permite recopilar o procesar la informaci\u00f3n personal necesaria o retira el consentimiento para procesarla para los fines necesarios, es posible que no pueda acceder ni utilizar los servicios o funciones para los que se solicit\u00f3 su informaci\u00f3n.<\/p><p><strong>GALLETAS, Etc.<\/strong><br \/>Para obtener m\u00e1s informaci\u00f3n sobre c\u00f3mo utilizamos estas tecnolog\u00edas de seguimiento y sus opciones con respecto a ellas, consulte nuestra\u00a0<a href=\"https:\/\/cpps.pt\/es\/politica-de-cookies-ue\/\" target=\"_blank\" rel=\"noopener\"><span style=\"text-decoration: underline;\">Pol\u00edtica de cookies<\/span><\/a>.<\/p><p><strong>SEGURIDAD<\/strong><br \/>La seguridad de su informaci\u00f3n es importante para nosotros y aplicaremos las medidas de seguridad necesarias para evitar la p\u00e9rdida, el uso indebido o la alteraci\u00f3n no autorizada de la informaci\u00f3n que est\u00e9 bajo nuestro control. Sin embargo, dados los riesgos inherentes, no podemos garantizar la seguridad absoluta y, en consecuencia, no podemos asegurar ni garantizar la seguridad de la informaci\u00f3n que nos transmita, y usted lo hace bajo su propio riesgo.<\/p><p><strong>ENLACES DE TERCEROS<\/strong><br \/>Nuestro sitio web puede contener enlaces a otros sitios web que no gestionamos. Esta Pol\u00edtica de Privacidad no aborda las pol\u00edticas de privacidad ni otras pr\u00e1cticas de terceros, incluidos los que operan sitios web o servicios accesibles a trav\u00e9s de un enlace en el sitio web. Le recomendamos encarecidamente que revise las pol\u00edticas de privacidad de todos los sitios web que visite. No tenemos control ni asumimos ninguna responsabilidad por el contenido, las pol\u00edticas de privacidad ni las pr\u00e1cticas de los sitios web o servicios de terceros.<\/p><p><strong>QUEJAS \/ Delegado de Protecci\u00f3n de Datos<\/strong><br \/>Si tiene alguna pregunta o inquietud sobre el procesamiento de su informaci\u00f3n que est\u00e1 a nuestra disposici\u00f3n, puede enviar un correo electr\u00f3nico a nuestro Responsable de Protecci\u00f3n de Datos a: <em>epd@cpps.pt<\/em>, o por correo certificado a CPPS \u2013 Misioneros de la Precios\u00edsima Sangre (Provincia de Ib\u00e9rica), Rua Martim Afonso de Sousa, n\u00ba 20, 7160-277 Vila Vi\u00e7osa, Portugal. Responderemos a sus inquietudes de acuerdo con la ley aplicable.<\/p>\t\t\t\t\t\t\t\t<\/div>\n\t\t\t\t<\/div>\n\t\t\t\t\t<\/div>\n\t\t\t\t<\/div>\n\t\t\t\t<\/div>","protected":false},"excerpt":{"rendered":"<p>Pol\u00edtica de Privacidade \u00daltima atualiza\u00e7\u00e3o em 17 de Julho de 2025 Esta Pol\u00edtica de Privacidade descreve as pol\u00edticas da CPPS &#8211; Mission\u00e1rios do Precios\u00edssimo Sangue (Prov\u00edncia Ib\u00e9rica),\u00a0sobre a recolha, utiliza\u00e7\u00e3o e divulga\u00e7\u00e3o das suas informa\u00e7\u00f5es que recolhemos quando utiliza o nosso website (https:\/\/www.cpps.pt\/). Ao aceder ou utilizar o website, est\u00e1 a consentir a recolha, utiliza\u00e7\u00e3o [&hellip;]<\/p>","protected":false},"author":1,"featured_media":0,"parent":0,"menu_order":0,"comment_status":"closed","ping_status":"closed","template":"","meta":{"iawp_total_views":1,"footnotes":""},"class_list":["post-50421","page","type-page","status-publish","hentry"],"_links":{"self":[{"href":"https:\/\/cpps.pt\/es\/wp-json\/wp\/v2\/pages\/50421"}],"collection":[{"href":"https:\/\/cpps.pt\/es\/wp-json\/wp\/v2\/pages"}],"about":[{"href":"https:\/\/cpps.pt\/es\/wp-json\/wp\/v2\/types\/page"}],"author":[{"embeddable":true,"href":"https:\/\/cpps.pt\/es\/wp-json\/wp\/v2\/users\/1"}],"replies":[{"embeddable":true,"href":"https:\/\/cpps.pt\/es\/wp-json\/wp\/v2\/comments?post=50421"}],"version-history":[{"count":22,"href":"https:\/\/cpps.pt\/es\/wp-json\/wp\/v2\/pages\/50421\/revisions"}],"predecessor-version":[{"id":50445,"href":"https:\/\/cpps.pt\/es\/wp-json\/wp\/v2\/pages\/50421\/revisions\/50445"}],"wp:attachment":[{"href":"https:\/\/cpps.pt\/es\/wp-json\/wp\/v2\/media?parent=50421"}],"curies":[{"name":"wp","href":"https:\/\/api.w.org\/{rel}","templated":true}]}}