{"id":50442,"date":"2025-07-17T17:52:54","date_gmt":"2025-07-17T16:52:54","guid":{"rendered":"https:\/\/cpps.pt\/politica-de-cookies-ue\/"},"modified":"2025-07-17T18:20:48","modified_gmt":"2025-07-17T17:20:48","slug":"politica-de-cookies-ue","status":"publish","type":"page","link":"https:\/\/cpps.pt\/es\/politica-de-cookies-ue\/","title":{"rendered":"Pol\u00edtica de cookies (UE)"},"content":{"rendered":"<div data-elementor-type=\"wp-page\" data-elementor-id=\"50442\" class=\"elementor elementor-50442\" data-elementor-post-type=\"page\">\n\t\t\t\t<div class=\"elementor-element elementor-element-43700a0c e-flex e-con-boxed e-con e-parent\" data-id=\"43700a0c\" data-element_type=\"container\">\n\t\t\t\t\t<div class=\"e-con-inner\">\n\t\t\t\t<div class=\"elementor-element elementor-element-692c356 elementor-widget elementor-widget-gva-heading-block\" data-id=\"692c356\" data-element_type=\"widget\" data-widget_type=\"gva-heading-block.default\">\n\t\t\t\t<div class=\"elementor-widget-container\">\n\t\t\t\t\t<div class=\"gva-element-gva-heading-block gva-element\">   <div class=\"align-center style-1 widget gsc-heading box-align-center auto-responsive\">\r\n      <div class=\"content-inner\">\r\n         \r\n                  \r\n           \r\n         \r\n                     <h2 class=\"title\">\r\n               <span>Pol\u00edtica de cookies (UE)<\/span>\r\n            <\/h2>\r\n                  \r\n         \r\n         \r\n      <\/div>\r\n   <\/div>\r\n<\/div>\t\t\t\t<\/div>\n\t\t\t\t<\/div>\n\t\t\t\t<div class=\"elementor-element elementor-element-590167f elementor-widget elementor-widget-shortcode\" data-id=\"590167f\" data-element_type=\"widget\" data-widget_type=\"shortcode.default\">\n\t\t\t\t<div class=\"elementor-widget-container\">\n\t\t\t\t\t\t\t<div class=\"elementor-shortcode\">\n<!-- Legal document generated by Complianz | GDPR\/CCPA Cookie Consent https:\/\/wordpress.org\/plugins\/complianz-gdpr -->\n<div id=\"cmplz-document\" class=\"cmplz-document cookie-statement cmplz-document-eu\"><p><i>Esta pol\u00edtica de cookies se actualiz\u00f3 por \u00faltima vez el 21 de noviembre de 2025 y se aplica a los ciudadanos y residentes legales permanentes del Espacio Econ\u00f3mico Europeo y Suiza.<\/i><br><\/p><h2>1. Introducci\u00f3n<\/h2><p>Nuestro sitio web, <a href=\"https:\/\/cpps.pt\/es\">https:\/\/cpps.pt\/es<\/a> (tambi\u00e9n: \u00abla web\u00bb) utiliza cookies y otras tecnolog\u00edas relacionadas (para mayor comodidad, todas las tecnolog\u00edas se denominan \u00abcookies\u00bb). Las cookies tambi\u00e9n son instaladas por terceros con los que hemos contratado. En el siguiente documento le informamos sobre el uso de cookies en nuestro sitio web.<\/p><h2>2. \u00bfQu\u00e9 son las galletas?<\/h2><p>Una cookie es un peque\u00f1o archivo que se env\u00eda junto con las p\u00e1ginas de este sitio web y que su navegador almacena en el disco duro de su ordenador u otro dispositivo. La informaci\u00f3n almacenada puede ser devuelta a nuestros servidores o a los servidores de terceros correspondientes durante una visita posterior.<\/p><h2>3. \u00bfQu\u00e9 son los scripts?<\/h2><p>Un script es un fragmento de c\u00f3digo de programa que se utiliza para que nuestra web funcione correctamente y de forma interactiva. Este c\u00f3digo se ejecuta en tu servidor o dispositivo.<\/p><h2>4. \u00bfQu\u00e9 es una baliza web?<\/h2><p>Una baliza web (o etiqueta de p\u00edxel) es un peque\u00f1o fragmento invisible de texto o imagen en una web que se utiliza para monitorizar el tr\u00e1fico web. Para ello, se almacenan diversos datos sobre usted a trav\u00e9s de estas balizas web.<\/p><h2>5. Galletas<\/h2><p class=\"cmplz-subtitle\">5.1 Cookies t\u00e9cnicas o funcionales<\/p><p>Algunas cookies garantizan el correcto funcionamiento de ciertas partes de la web y que se recuerden tus preferencias de usuario. Al instalar cookies funcionales, te facilitamos la visita a nuestro sitio web. De esta forma, no tienes que introducir repetidamente la misma informaci\u00f3n al visitar nuestro sitio web y, por ejemplo, los art\u00edculos permanecen en tu cesta de compra hasta que hayas pagado. Podemos instalar estas cookies sin tu consentimiento.<\/p><p class=\"cmplz-subtitle\">5.2 Cookies de estad\u00edsticas<\/p><p>Utilizamos cookies estad\u00edsticas para optimizar la experiencia web de nuestros usuarios. Con estas cookies, obtenemos informaci\u00f3n sobre el uso de nuestro sitio web. Solicitamos su consentimiento para instalar cookies estad\u00edsticas.<\/p><p class=\"cmplz-subtitle\">5.3 Cookies publicitarias<\/p><p>En este sitio web utilizamos cookies publicitarias que nos permiten obtener informaci\u00f3n sobre los resultados de la campa\u00f1a. Esto se realiza a partir de un perfil que creamos en funci\u00f3n de su comportamiento en <a href=\"https:\/\/cpps.pt\/es\">https:\/\/cpps.pt\/es<\/a>Con estas cookies, usted, como visitante de la web, se asocia con un ID \u00fanico, pero no crear\u00e1n un perfil de su comportamiento e intereses para mostrarle anuncios personalizados.<\/p><p class=\"cmplz-subtitle\">5.4 Cookies de marketing\/seguimiento<\/p><p>Las cookies de marketing\/seguimiento son cookies, o cualquier otra forma de almacenamiento local, utilizadas para crear perfiles de usuario para mostrar publicidad o seguir al usuario en este sitio web o en varios sitios web con fines de marketing similares.<\/p><p>Debido a que estas cookies est\u00e1n marcadas como cookies de seguimiento, le solicitamos su permiso para colocarlas.<\/p><p class=\"cmplz-subtitle\">5.5 Redes sociales<\/p><p>En nuestra web hemos incluido contenido de Facebook, Twitter, WhatsApp y Instagram para promover p\u00e1ginas web (p.ej.: \u00abMe gusta\u00bb, \u00abPinear\u00bb) o compartir (p.ej.: \u00abtuitear\u00bb) en redes sociales como Facebook, Twitter, WhatsApp y Instagram. Este contenido est\u00e1 incrustado con c\u00f3digo derivado de Facebook, Twitter, WhatsApp y Instagram y guarda cookies. Este contenido podr\u00eda procesar cierta informaci\u00f3n para anuncios personalizados.<\/p><p>Por favor lea la pol\u00edtica de privacidad de estas redes sociales (que puede cambiar frecuentemente) para saber que hacen con sus datos (personales) que procesan usando estas cookies. Los datos que reciben son anonimizados lo m\u00e1ximo posible. Facebook, Twitter, WhatsApp y Instagram est\u00e1n ubicados en los Estados Unidos.<\/p><h2>6. Cookies utilizadas<\/h2><div id=\"cmplz-cookies-overview\"><details class=\"cmplz-dropdown cmplz-service-desc cmplz-dropdown-cookiepolicy\">\n\t<summary class=\"cmplz-service-header\"><div>\n\t\t<h3>Elementor<\/h3>\n\t\t<p>Estad\u00edsticas (an\u00f3nimas)<\/p>\n\t\t<label for=\"cmplz_service_elementor\" class=\"cmplz_consent_per_service_label\"><span class=\"screen-reader-text\">Consentimiento para el servicio elementor<\/span><\/label>\n\t\t<input type=\"checkbox\" id=\"cmplz_service_elementor\" class=\"cmplz-accept-service cmplz-hidden\" data-service=\"elementor\" data-category=\"functional\"><\/div>\n\t<\/summary>\n\t<div class=\"cmplz-service-description\">\n\t\t<h4>Uso<\/h4>\n\t\t<p><\/p>\n\t<\/div>\n\t<div class=\"cmplz-sharing-data\">\n\t\t<h4>Compartir datos<\/h4>\n\t\t<p>Estos datos no se comparten con terceros.<\/p>\n\t<\/div>\n\t<div class=\"cookies-per-purpose\">\n    <div class=\"purpose\"><h4>Estad\u00edsticas (an\u00f3nimas)<\/h4><\/div>\n    <div class=\"name-header\">\n\t<h5>Nombre<\/h5>\n<\/div>\n<div class=\"name\"><a target=\"_blank\" rel=\"noopener noreferrer nofollow\" href=\"https:\/\/cookiedatabase.org\/cookie\/unknown-service\/elementor\/\">elementor<\/a><\/div>\n<div class=\"retention-header\">\n\t<h5>Caducidad<\/h5>\n<\/div>\n<div class=\"retention\">persistente<\/div>\n<div class=\"function-header\">\n\t<h5>Funci\u00f3n<\/h5>\n<\/div>\n<div class=\"function\">Guardar las acciones realizadas por los usuarios en el sitio web<\/div>\n\n<\/div>\n<\/details>\n<details class=\"cmplz-dropdown cmplz-service-desc cmplz-dropdown-cookiepolicy\">\n\t<summary class=\"cmplz-service-header\"><div>\n\t\t<h3>Google reCAPTCHA<\/h3>\n\t\t<p>Funcional<\/p>\n\t\t<label for=\"cmplz_service_google-recaptcha\" class=\"cmplz_consent_per_service_label\"><span class=\"screen-reader-text\">Consentimiento para el servicio google-recaptcha<\/span><\/label>\n\t\t<input type=\"checkbox\" id=\"cmplz_service_google-recaptcha\" class=\"cmplz-accept-service cmplz-hidden\" data-service=\"google-recaptcha\" data-category=\"functional\"><\/div>\n\t<\/summary>\n\t<div class=\"cmplz-service-description\">\n\t\t<h4>Uso<\/h4>\n\t\t<p><\/p>\n\t<\/div>\n\t<div class=\"cmplz-sharing-data\">\n\t\t<h4>Compartir datos<\/h4>\n\t\t<p>Estos datos no se comparten con terceros.<\/p>\n\t<\/div>\n\t<div class=\"cookies-per-purpose\">\n    <div class=\"purpose\"><h4>Funcional<\/h4><\/div>\n    <div class=\"name-header\">\n\t<h5>Nombre<\/h5>\n<\/div>\n<div class=\"name\"><a target=\"_blank\" rel=\"noopener noreferrer nofollow\" href=\"https:\/\/cookiedatabase.org\/cookie\/unknown-service\/_grecaptcha\/\">_grecaptcha<\/a><\/div>\n<div class=\"retention-header\">\n\t<h5>Caducidad<\/h5>\n<\/div>\n<div class=\"retention\">6 meses<\/div>\n<div class=\"function-header\">\n\t<h5>Funci\u00f3n<\/h5>\n<\/div>\n<div class=\"function\">Proporcionar protecci\u00f3n contra correo no deseado<\/div>\n\n<\/div>\n<\/details>\n<details class=\"cmplz-dropdown cmplz-service-desc cmplz-dropdown-cookiepolicy\">\n\t<summary class=\"cmplz-service-header\"><div>\n\t\t<h3>WordPress<\/h3>\n\t\t<p>Funcional<\/p>\n\t\t<label for=\"cmplz_service_wordpress\" class=\"cmplz_consent_per_service_label\"><span class=\"screen-reader-text\">Consentimiento para el servicio de WordPress<\/span><\/label>\n\t\t<input type=\"checkbox\" id=\"cmplz_service_wordpress\" class=\"cmplz-accept-service cmplz-hidden\" data-service=\"wordpress\" data-category=\"functional\"><\/div>\n\t<\/summary>\n\t<div class=\"cmplz-service-description\">\n\t\t<h4>Uso<\/h4>\n\t\t<p><\/p>\n\t<\/div>\n\t<div class=\"cmplz-sharing-data\">\n\t\t<h4>Compartir datos<\/h4>\n\t\t<p>Estos datos no se comparten con terceros.<\/p>\n\t<\/div>\n\t<div class=\"cookies-per-purpose\">\n    <div class=\"purpose\"><h4>Funcional<\/h4><\/div>\n    <div class=\"name-header\">\n\t<h5>Nombre<\/h5>\n<\/div>\n<div class=\"name\"><a target=\"_blank\" rel=\"noopener noreferrer nofollow\" href=\"https:\/\/cookiedatabase.org\/cookie\/unknown-service\/wpemojisettingssupports\/\">wpEmojiSettingsSupports<\/a><\/div>\n<div class=\"retention-header\">\n\t<h5>Caducidad<\/h5>\n<\/div>\n<div class=\"retention\">sesi\u00f3n<\/div>\n<div class=\"function-header\">\n\t<h5>Funci\u00f3n<\/h5>\n<\/div>\n<div class=\"function\">Guardar los detalles del navegador<\/div>\n<div class=\"name-header\">\n\t<h5>Nombre<\/h5>\n<\/div>\n<div class=\"name\"><a target=\"_blank\" rel=\"noopener noreferrer nofollow\" href=\"https:\/\/cookiedatabase.org\/cookie\/unknown-service\/wordpress_test_cookie\/\">cookie de prueba de wordpress<\/a><\/div>\n<div class=\"retention-header\">\n\t<h5>Caducidad<\/h5>\n<\/div>\n<div class=\"retention\">sesi\u00f3n<\/div>\n<div class=\"function-header\">\n\t<h5>Funci\u00f3n<\/h5>\n<\/div>\n<div class=\"function\">Comprueba si puedes instalar cookies<\/div>\n<div class=\"name-header\">\n\t<h5>Nombre<\/h5>\n<\/div>\n<div class=\"name\"><a target=\"_blank\" rel=\"noopener noreferrer nofollow\" href=\"https:\/\/cookiedatabase.org\/cookie\/unknown-service\/wp_lang\/\">wp_lang<\/a><\/div>\n<div class=\"retention-header\">\n\t<h5>Caducidad<\/h5>\n<\/div>\n<div class=\"retention\">sesi\u00f3n<\/div>\n<div class=\"function-header\">\n\t<h5>Funci\u00f3n<\/h5>\n<\/div>\n<div class=\"function\">Guardar la configuraci\u00f3n del idioma<\/div>\n<div class=\"name-header\">\n\t<h5>Nombre<\/h5>\n<\/div>\n<div class=\"name\"><a target=\"_blank\" rel=\"noopener noreferrer nofollow\" href=\"https:\/\/cookiedatabase.org\/cookie\/unknown-service\/wp-settings-time\/\">wp-settings-tiempo-*<\/a><\/div>\n<div class=\"retention-header\">\n\t<h5>Caducidad<\/h5>\n<\/div>\n<div class=\"retention\">1 a\u00f1o<\/div>\n<div class=\"function-header\">\n\t<h5>Funci\u00f3n<\/h5>\n<\/div>\n<div class=\"function\">Guardar las preferencias del usuario<\/div>\n<div class=\"name-header\">\n\t<h5>Nombre<\/h5>\n<\/div>\n<div class=\"name\"><a target=\"_blank\" rel=\"noopener noreferrer nofollow\" href=\"https:\/\/cookiedatabase.org\/cookie\/unknown-service\/wp-settings\/\">wp-settings-*<\/a><\/div>\n<div class=\"retention-header\">\n\t<h5>Caducidad<\/h5>\n<\/div>\n<div class=\"retention\">persistente<\/div>\n<div class=\"function-header\">\n\t<h5>Funci\u00f3n<\/h5>\n<\/div>\n<div class=\"function\">Guardar las preferencias del usuario<\/div>\n<div class=\"name-header\">\n\t<h5>Nombre<\/h5>\n<\/div>\n<div class=\"name\"><a target=\"_blank\" rel=\"noopener noreferrer nofollow\" href=\"https:\/\/cookiedatabase.org\/cookie\/unknown-service\/wordpress_logged_in_\/\">wordpress_iniciado_sesi\u00f3n_*<\/a><\/div>\n<div class=\"retention-header\">\n\t<h5>Caducidad<\/h5>\n<\/div>\n<div class=\"retention\">persistente<\/div>\n<div class=\"function-header\">\n\t<h5>Funci\u00f3n<\/h5>\n<\/div>\n<div class=\"function\">Mantener a los usuarios conectados<\/div>\n\n<\/div>\n<\/details>\n<details class=\"cmplz-dropdown cmplz-service-desc cmplz-dropdown-cookiepolicy\">\n\t<summary class=\"cmplz-service-header\"><div>\n\t\t<h3>Cumplimiento<\/h3>\n\t\t<p>Funcional<\/p>\n\t\t<label for=\"cmplz_service_complianz\" class=\"cmplz_consent_per_service_label\"><span class=\"screen-reader-text\">Consentimiento para el cumplimiento del servicio<\/span><\/label>\n\t\t<input type=\"checkbox\" id=\"cmplz_service_complianz\" class=\"cmplz-accept-service cmplz-hidden\" data-service=\"complianz\" data-category=\"functional\"><\/div>\n\t<\/summary>\n\t<div class=\"cmplz-service-description\">\n\t\t<h4>Uso<\/h4>\n\t\t<p><\/p>\n\t<\/div>\n\t<div class=\"cmplz-sharing-data\">\n\t\t<h4>Compartir datos<\/h4>\n\t\t<p>Estos datos no se comparten con terceros.&nbsp;Para m\u00e1s informaci\u00f3n, por favor, lee la <a target=\"_blank\" rel=\"noopener noreferrer\" href=\"https:\/\/complianz.io\/legal\/privacy-statement\/\">pol\u00edtica de privacidad de Complianz<\/a>.<\/p>\n\t<\/div>\n\t<div class=\"cookies-per-purpose\">\n    <div class=\"purpose\"><h4>Funcional<\/h4><\/div>\n    <div class=\"name-header\">\n\t<h5>Nombre<\/h5>\n<\/div>\n<div class=\"name\"><a target=\"_blank\" rel=\"noopener noreferrer nofollow\" href=\"https:\/\/cookiedatabase.org\/cookie\/unknown-service\/cmplz_banner-status\/\">estado del banner de cmplz<\/a><\/div>\n<div class=\"retention-header\">\n\t<h5>Caducidad<\/h5>\n<\/div>\n<div class=\"retention\">365 d\u00edas<\/div>\n<div class=\"function-header\">\n\t<h5>Funci\u00f3n<\/h5>\n<\/div>\n<div class=\"function\">Guardar si se rechaza el banner de cookies<\/div>\n\n<\/div><div class=\"cookies-per-purpose\">\n    <div class=\"purpose\"><h4>Prop\u00f3sito pendiente de investigaci\u00f3n<\/h4><\/div>\n    <div class=\"name-header\">\n\t<h5>Nombre<\/h5>\n<\/div>\n<div class=\"name\"><a target=\"_blank\" rel=\"noopener noreferrer nofollow\" href=\"https:\/\/cookiedatabase.org\/cookie\/unknown-service\/cmplz_functional\/\">cmplz_funcional<\/a><\/div>\n<div class=\"retention-header\">\n\t<h5>Caducidad<\/h5>\n<\/div>\n<div class=\"retention\">365 d\u00edas<\/div>\n<div class=\"function-header\">\n\t<h5>Funci\u00f3n<\/h5>\n<\/div>\n<div class=\"function\"><\/div>\n<div class=\"name-header\">\n\t<h5>Nombre<\/h5>\n<\/div>\n<div class=\"name\"><a target=\"_blank\" rel=\"noopener noreferrer nofollow\" href=\"https:\/\/cookiedatabase.org\/cookie\/unknown-service\/cmplz_statistics\/\">estad\u00edsticas_cmplz<\/a><\/div>\n<div class=\"retention-header\">\n\t<h5>Caducidad<\/h5>\n<\/div>\n<div class=\"retention\">365 d\u00edas<\/div>\n<div class=\"function-header\">\n\t<h5>Funci\u00f3n<\/h5>\n<\/div>\n<div class=\"function\"><\/div>\n<div class=\"name-header\">\n\t<h5>Nombre<\/h5>\n<\/div>\n<div class=\"name\"><a target=\"_blank\" rel=\"noopener noreferrer nofollow\" href=\"https:\/\/cookiedatabase.org\/cookie\/unknown-service\/cmplz_preferences\/\">preferencias_cmplz<\/a><\/div>\n<div class=\"retention-header\">\n\t<h5>Caducidad<\/h5>\n<\/div>\n<div class=\"retention\">365 d\u00edas<\/div>\n<div class=\"function-header\">\n\t<h5>Funci\u00f3n<\/h5>\n<\/div>\n<div class=\"function\"><\/div>\n<div class=\"name-header\">\n\t<h5>Nombre<\/h5>\n<\/div>\n<div class=\"name\"><a target=\"_blank\" rel=\"noopener noreferrer nofollow\" href=\"https:\/\/cookiedatabase.org\/cookie\/unknown-service\/cmplz_marketing\/\">cmplz_marketing<\/a><\/div>\n<div class=\"retention-header\">\n\t<h5>Caducidad<\/h5>\n<\/div>\n<div class=\"retention\">365 d\u00edas<\/div>\n<div class=\"function-header\">\n\t<h5>Funci\u00f3n<\/h5>\n<\/div>\n<div class=\"function\"><\/div>\n\n<\/div>\n<\/details>\n<details class=\"cmplz-dropdown cmplz-service-desc cmplz-dropdown-cookiepolicy\">\n\t<summary class=\"cmplz-service-header\"><div>\n\t\t<h3>Varios<\/h3>\n\t\t<p>Prop\u00f3sito pendiente de investigaci\u00f3n<\/p>\n\t\t<label for=\"cmplz_service_varios\" class=\"cmplz_consent_per_service_label\"><span class=\"screen-reader-text\">Consent to service varios<\/span><\/label>\n\t\t<input type=\"checkbox\" id=\"cmplz_service_varios\" class=\"cmplz-accept-service cmplz-hidden\" data-service=\"varios\" data-category=\"functional\"><\/div>\n\t<\/summary>\n\t<div class=\"cmplz-service-description\">\n\t\t<h4>Uso<\/h4>\n\t\t<p><\/p>\n\t<\/div>\n\t<div class=\"cmplz-sharing-data\">\n\t\t<h4>Compartir datos<\/h4>\n\t\t<p>El intercambio de datos est\u00e1 pendiente de investigaci\u00f3n<\/p>\n\t<\/div>\n\t<div class=\"cookies-per-purpose\">\n    <div class=\"purpose\"><h4>Prop\u00f3sito pendiente de investigaci\u00f3n<\/h4><\/div>\n    <div class=\"name-header\">\n\t<h5>Nombre<\/h5>\n<\/div>\n<div class=\"name\">valores predeterminados de elementos e_kit<\/div>\n<div class=\"retention-header\">\n\t<h5>Caducidad<\/h5>\n<\/div>\n<div class=\"retention\"><\/div>\n<div class=\"function-header\">\n\t<h5>Funci\u00f3n<\/h5>\n<\/div>\n<div class=\"function\"><\/div>\n<div class=\"name-header\">\n\t<h5>Nombre<\/h5>\n<\/div>\n<div class=\"name\"><a target=\"_blank\" rel=\"noopener noreferrer nofollow\" href=\"https:\/\/cookiedatabase.org\/cookie\/unknown-service\/wpc\/\">wpc*<\/a><\/div>\n<div class=\"retention-header\">\n\t<h5>Caducidad<\/h5>\n<\/div>\n<div class=\"retention\"><\/div>\n<div class=\"function-header\">\n\t<h5>Funci\u00f3n<\/h5>\n<\/div>\n<div class=\"function\"><\/div>\n<div class=\"name-header\">\n\t<h5>Nombre<\/h5>\n<\/div>\n<div class=\"name\">WP_PREFERENCIAS_USUARIO_1<\/div>\n<div class=\"retention-header\">\n\t<h5>Caducidad<\/h5>\n<\/div>\n<div class=\"retention\"><\/div>\n<div class=\"function-header\">\n\t<h5>Funci\u00f3n<\/h5>\n<\/div>\n<div class=\"function\"><\/div>\n<div class=\"name-header\">\n\t<h5>Nombre<\/h5>\n<\/div>\n<div class=\"name\">WP_DATOS_USUARIO_1<\/div>\n<div class=\"retention-header\">\n\t<h5>Caducidad<\/h5>\n<\/div>\n<div class=\"retention\"><\/div>\n<div class=\"function-header\">\n\t<h5>Funci\u00f3n<\/h5>\n<\/div>\n<div class=\"function\"><\/div>\n<div class=\"name-header\">\n\t<h5>Nombre<\/h5>\n<\/div>\n<div class=\"name\">servicios consentidos cmplz<\/div>\n<div class=\"retention-header\">\n\t<h5>Caducidad<\/h5>\n<\/div>\n<div class=\"retention\">365 d\u00edas<\/div>\n<div class=\"function-header\">\n\t<h5>Funci\u00f3n<\/h5>\n<\/div>\n<div class=\"function\"><\/div>\n<div class=\"name-header\">\n\t<h5>Nombre<\/h5>\n<\/div>\n<div class=\"name\">id_de_pol\u00edtica_cmplz<\/div>\n<div class=\"retention-header\">\n\t<h5>Caducidad<\/h5>\n<\/div>\n<div class=\"retention\">365 d\u00edas<\/div>\n<div class=\"function-header\">\n\t<h5>Funci\u00f3n<\/h5>\n<\/div>\n<div class=\"function\"><\/div>\n<div class=\"name-header\">\n\t<h5>Nombre<\/h5>\n<\/div>\n<div class=\"name\">WP_PREFERENCIAS_USUARIO_2<\/div>\n<div class=\"retention-header\">\n\t<h5>Caducidad<\/h5>\n<\/div>\n<div class=\"retention\"><\/div>\n<div class=\"function-header\">\n\t<h5>Funci\u00f3n<\/h5>\n<\/div>\n<div class=\"function\"><\/div>\n<div class=\"name-header\">\n\t<h5>Nombre<\/h5>\n<\/div>\n<div class=\"name\">WP_DATOS_USUARIO_3<\/div>\n<div class=\"retention-header\">\n\t<h5>Caducidad<\/h5>\n<\/div>\n<div class=\"retention\"><\/div>\n<div class=\"function-header\">\n\t<h5>Funci\u00f3n<\/h5>\n<\/div>\n<div class=\"function\"><\/div>\n<div class=\"name-header\">\n\t<h5>Nombre<\/h5>\n<\/div>\n<div class=\"name\">WP_DATOS_USUARIO_2<\/div>\n<div class=\"retention-header\">\n\t<h5>Caducidad<\/h5>\n<\/div>\n<div class=\"retention\"><\/div>\n<div class=\"function-header\">\n\t<h5>Funci\u00f3n<\/h5>\n<\/div>\n<div class=\"function\"><\/div>\n<div class=\"name-header\">\n\t<h5>Nombre<\/h5>\n<\/div>\n<div class=\"name\">WP_PREFERENCIAS_USUARIO_3<\/div>\n<div class=\"retention-header\">\n\t<h5>Caducidad<\/h5>\n<\/div>\n<div class=\"retention\"><\/div>\n<div class=\"function-header\">\n\t<h5>Funci\u00f3n<\/h5>\n<\/div>\n<div class=\"function\"><\/div>\n<div class=\"name-header\">\n\t<h5>Nombre<\/h5>\n<\/div>\n<div class=\"name\">cookies de cubo redondo<\/div>\n<div class=\"retention-header\">\n\t<h5>Caducidad<\/h5>\n<\/div>\n<div class=\"retention\"><\/div>\n<div class=\"function-header\">\n\t<h5>Funci\u00f3n<\/h5>\n<\/div>\n<div class=\"function\"><\/div>\n\n<\/div>\n<\/details>\n<\/div><h2>7. Consent<\/h2><p>Al visitar nuestro sitio web por primera vez, le mostraremos una ventana emergente con una explicaci\u00f3n sobre las cookies. Al hacer clic en \u00abAceptar\u00bb, acepta que usemos todas las cookies y plugins descritos en la ventana emergente y en esta pol\u00edtica de cookies. Puede desactivar el uso de cookies a trav\u00e9s de su navegador, pero tenga en cuenta que es posible que nuestro sitio web deje de funcionar correctamente.<\/p><p class=\"cmplz-subtitle\">7.1 Administra tu configuraci\u00f3n de consentimiento<\/p><div id=\"cmplz-manage-consent-container-nojavascript\">Has cargado la pol\u00edtica de cookies sin compatibilidad con JavaScript.&nbsp;En AMP, puedes utilizar el bot\u00f3n de gestionar el consentimiento en la parte inferior de la p\u00e1gina.<\/div><div id=\"cmplz-manage-consent-container\" class=\"cmplz-manage-consent-container\"><\/div><h2>8. Activaci\u00f3n\/desactivaci\u00f3n y eliminaci\u00f3n de cookies<\/h2><p>Puede usar su navegador de internet para eliminar las cookies de forma autom\u00e1tica o manual. Tambi\u00e9n puede especificar que no se puedan instalar ciertas cookies. Otra opci\u00f3n es configurar su navegador de internet para que reciba un mensaje cada vez que se instale una cookie. Para obtener m\u00e1s informaci\u00f3n sobre estas opciones, consulte las instrucciones en la secci\u00f3n &quot;Ayuda&quot; de su navegador.<\/p><p>Tenga en cuenta que nuestro sitio web podr\u00eda no funcionar correctamente si todas las cookies est\u00e1n desactivadas. Si elimina las cookies de su navegador, se volver\u00e1n a instalar despu\u00e9s de su consentimiento cuando vuelva a visitar nuestros sitios web.<\/p><h2>9. Sus derechos con respecto a los datos personales<\/h2><p>Usted tiene los siguientes derechos con respecto a sus datos personales:<\/p><ul>\n                    <li>Tienes derecho a saber por qu\u00e9 se necesitan tus datos personales, qu\u00e9 pasar\u00e1 con ellos y durante cu\u00e1nto tiempo se conservar\u00e1n.<\/li>\n                    <li>Derecho de acceso: usted tiene derecho a acceder a sus datos personales que conocemos.<\/li>\n                    <li>Derechos de rectificaci\u00f3n: tienes derecho a completar, rectificar, borrar o bloquear tus datos personales cuando quieras.<\/li>\n                    <li>Si nos da su consentimiento para tratar sus datos, tiene derecho a revocar dicho consentimiento si se eliminan sus datos personales.<\/li>\n                    <li>Derecho a la portabilidad de tus datos: tienes derecho a solicitar todos tus datos personales al responsable del tratamiento y transferirlos \u00edntegramente a otro responsable del tratamiento.<\/li>\n                    <li>Derecho de oposici\u00f3n: Puede oponerse al tratamiento de sus datos. No lo haremos salvo que existan motivos justificados para el tratamiento.<\/li>\n                <\/ul><p>Para ejercer estos derechos, p\u00f3ngase en contacto con nosotros. Consulte los datos de contacto al final de esta pol\u00edtica de cookies. Si tiene alguna pregunta sobre c\u00f3mo gestionamos sus datos, nos encantar\u00eda hac\u00e9rsela saber, pero tambi\u00e9n tiene derecho a dirigirse a la autoridad de control (la autoridad de protecci\u00f3n de datos).<\/p><h2>10. Datos de contacto<\/h2><p>Para preguntas y\/o comentarios sobre nuestra pol\u00edtica de cookies y esta declaraci\u00f3n, cont\u00e1ctenos utilizando los siguientes datos de contacto:<\/p><p><span class=\"cmplz-contact-organisation\">Misioneros de la Precios\u00edsima Sangre (Provincia Ib\u00e9rica)<\/span><br>\n                      <span class=\"cmplz-contact-address\">Calle Martim Afonso de Sousa, n\u00ba 20, 7160-277 Vila Vi\u00e7osa<\/span><br>\n                      <span class=\"cmplz-contact-country\">Portugal<\/span><br>\n                    Web: <span class=\"cmplz-contact-domain\"><a href=\"https:\/\/cpps.pt\/es\">https:\/\/cpps.pt\/es<\/a><\/span><br>\n                    Correo electr\u00f3nico: <span class=\"cmplz-contact-email\"><span class=\"cmplz-obfuscate\">epd@<span class=\"cmplz-fmail-domain\">&#101;&#120;&#046;&#099;&#111;&#109;<\/span>&#099;&#112;&#112;s&#046;&#112;t<\/span><\/span><br>\n                    <span class=\"cmplz-contact-telephone\">N\u00famero de tel\u00e9fono: 268 094 320<\/span><\/p><p>Esta pol\u00edtica de cookies se ha sincronizado con <a href=\"https:\/\/cookiedatabase.org\/\" target=\"_blank\">basededatosdecookies.org<\/a> 24 de septiembre de 2025.<\/p><\/div><\/div>\n\t\t\t\t\t\t<\/div>\n\t\t\t\t<\/div>\n\t\t\t\t\t<\/div>\n\t\t\t\t<\/div>\n\t\t\t\t<\/div>","protected":false},"excerpt":{"rendered":"<p>Pol\u00edtica de cookies (UE)<\/p>","protected":false},"author":1,"featured_media":0,"parent":0,"menu_order":0,"comment_status":"closed","ping_status":"closed","template":"","meta":{"iawp_total_views":0,"footnotes":""},"class_list":["post-50442","page","type-page","status-publish","hentry"],"_links":{"self":[{"href":"https:\/\/cpps.pt\/es\/wp-json\/wp\/v2\/pages\/50442"}],"collection":[{"href":"https:\/\/cpps.pt\/es\/wp-json\/wp\/v2\/pages"}],"about":[{"href":"https:\/\/cpps.pt\/es\/wp-json\/wp\/v2\/types\/page"}],"author":[{"embeddable":true,"href":"https:\/\/cpps.pt\/es\/wp-json\/wp\/v2\/users\/1"}],"replies":[{"embeddable":true,"href":"https:\/\/cpps.pt\/es\/wp-json\/wp\/v2\/comments?post=50442"}],"version-history":[{"count":9,"href":"https:\/\/cpps.pt\/es\/wp-json\/wp\/v2\/pages\/50442\/revisions"}],"predecessor-version":[{"id":50455,"href":"https:\/\/cpps.pt\/es\/wp-json\/wp\/v2\/pages\/50442\/revisions\/50455"}],"wp:attachment":[{"href":"https:\/\/cpps.pt\/es\/wp-json\/wp\/v2\/media?parent=50442"}],"curies":[{"name":"wp","href":"https:\/\/api.w.org\/{rel}","templated":true}]}}