{"id":50559,"date":"2025-11-20T21:14:57","date_gmt":"2025-11-20T21:14:57","guid":{"rendered":"https:\/\/cpps.pt\/?page_id=50559"},"modified":"2025-11-20T21:17:28","modified_gmt":"2025-11-20T21:17:28","slug":"reflexao-e-espiritualidade","status":"publish","type":"page","link":"https:\/\/cpps.pt\/es\/reflexao-e-espiritualidade\/","title":{"rendered":"Reflexi\u00f3n y espiritualidad"},"content":{"rendered":"<div data-elementor-type=\"wp-page\" data-elementor-id=\"50559\" class=\"elementor elementor-50559\" data-elementor-post-type=\"page\">\n\t\t\t\t<div class=\"elementor-element elementor-element-64990538 e-con-full e-flex e-con e-parent\" data-id=\"64990538\" data-element_type=\"container\" data-settings=\"{&quot;background_background&quot;:&quot;classic&quot;}\">\n\t\t\t\t<div class=\"elementor-element elementor-element-2b3471d6 elementor-widget elementor-widget-gva-heading-block\" data-id=\"2b3471d6\" data-element_type=\"widget\" data-widget_type=\"gva-heading-block.default\">\n\t\t\t\t<div class=\"elementor-widget-container\">\n\t\t\t\t\t<div class=\"gva-element-gva-heading-block gva-element\">   <div class=\"align-center style-1 widget gsc-heading box-align-left auto-responsive\">\r\n      <div class=\"content-inner\">\r\n         \r\n                  \r\n         <div class=\"sub-title\"><span class=\"tagline\">PROVINCIAL E INTERNACIONAL<\/span><\/div>  \r\n         \r\n                     <h2 class=\"title\">\r\n               <span>REFLEXI\u00d3N Y ESPIRITUALIDAD<\/span>\r\n            <\/h2>\r\n                  \r\n         \r\n         \r\n      <\/div>\r\n   <\/div>\r\n<\/div>\t\t\t\t<\/div>\n\t\t\t\t<\/div>\n\t\t\t\t<div class=\"elementor-element elementor-element-556c70ff elementor-hidden-desktop elementor-hidden-tablet elementor-hidden-mobile elementor-widget elementor-widget-gva_post_breadcrumb\" data-id=\"556c70ff\" data-element_type=\"widget\" data-widget_type=\"gva_post_breadcrumb.default\">\n\t\t\t\t<div class=\"elementor-widget-container\">\n\t\t\t\t\t<div class=\"gva-element-gva_post_breadcrumb gva-element\">   \r\n<div class=\"post-breadcrumb\">\r\n   <div class=\"custom-breadcrumb\">\r\n      <div class=\"breadcrumb-main\">\r\n        <div class=\"container\">\r\n          <div class=\"breadcrumb-container-inner align-center\">\r\n            <h2 class=\"heading-title\">Reflexi\u00f3n y espiritualidad<\/h2>          <\/div>  \r\n        <\/div>   \r\n      <\/div>  \r\n   <\/div>\r\n<\/div>      \r\n\r\n<\/div>\t\t\t\t<\/div>\n\t\t\t\t<\/div>\n\t\t\t\t<\/div>\n\t\t<div class=\"elementor-element elementor-element-5c11453b e-flex e-con-boxed e-con e-parent\" data-id=\"5c11453b\" data-element_type=\"container\">\n\t\t\t\t\t<div class=\"e-con-inner\">\n\t\t\t\t<div class=\"elementor-element elementor-element-1cfb5d8d elementor-widget elementor-widget-gva-posts\" data-id=\"1cfb5d8d\" data-element_type=\"widget\" data-widget_type=\"gva-posts.default\">\n\t\t\t\t<div class=\"elementor-widget-container\">\n\t\t\t\t\t<div class=\"gva-element-gva-posts gva-element\">  \r\n  <div class=\"gva-posts-grid clearfix gva-posts\">\r\n\t\t<div class=\"gva-content-items\"> \r\n\t\t  <div class=\"lg-block-grid-3 md-block-grid-3 sm-block-grid-2 xs-block-grid-1 xx-block-grid-1\">\r\n\t\t\t <div class=\"item-columns\">\r\n   <article class=\"post post-one__single post-51100 type-post status-publish format-standard has-post-thumbnail hentry category-espiritualidade tag-missionarios-do-preciosissimo-sangue tag-sangue-da-alianca\">\r\n      <div class=\"post-one__thumbnail\"><a href=\"https:\/\/cpps.pt\/es\/la-alianza-en-la-sangre-mc-26-26-29\/\"><img fetchpriority=\"high\" decoding=\"async\" width=\"600\" height=\"425\" src=\"https:\/\/cpps.pt\/wp-content\/uploads\/2026\/04\/AAAA2-600x425.jpg?wsr\" class=\"attachment-post-thumbnail size-post-thumbnail wp-post-image\" alt=\"La Alianza en la Sangre (Mc 26, 26-29)\" \/><\/a><div class=\"post-one__entry-date\"><span class=\"date\">18<\/span><span class=\"month\">Abr<\/span><\/div><\/div>       \r\n      <div class=\"post-one__content has-thumbnail\">\r\n         <div class=\"post-one__content-inner\">\r\n            <h3 class=\"post-one__title\"><a href=\"https:\/\/cpps.pt\/es\/la-alianza-en-la-sangre-mc-26-26-29\/\" rel=\"bookmark\">La Alianza en Sangre (Mc 26, 26-29)<\/a><\/h3>\r\n            <div class=\"post-one__desc\">Alianza quiere expresar que Dios quiere vivir con su Pueblo y que no quiere permanecer<\/div>            <div class=\"post-one__meta\">\r\n               <div class=\"clearfix meta-inline post-meta-1\"><span class=\"author vcard\"><i class=\"fas fa-user-circle\"><\/i>Padre Felipe<\/span><span class=\"post-comment\"><i class=\"fas fa-comments\"><\/i>0 Comments<\/span><\/div>            <\/div> \r\n         <\/div>\r\n      <\/div>\r\n   <\/article>   \r\n\r\n  <\/div><div class=\"item-columns\">\r\n   <article class=\"post post-one__single post-51086 type-post status-publish format-standard has-post-thumbnail hentry category-espiritualidade tag-missionarios-do-preciosissimo-sangue tag-pascoa\">\r\n      <div class=\"post-one__thumbnail\"><a href=\"https:\/\/cpps.pt\/es\/viver-ressuscitados\/\"><img decoding=\"async\" width=\"600\" height=\"425\" src=\"https:\/\/cpps.pt\/wp-content\/uploads\/2026\/04\/IMG-20240517-WA0418-600x425.jpg?wsr\" class=\"attachment-post-thumbnail size-post-thumbnail wp-post-image\" alt=\"Viver ressuscitados\" srcset=\"https:\/\/cpps.pt\/wp-content\/uploads\/2026\/04\/IMG-20240517-WA0418-600x425.jpg 600w, https:\/\/cpps.pt\/wp-content\/uploads\/2026\/04\/IMG-20240517-WA0418-16x12.jpg 16w\" sizes=\"(max-width: 600px) 100vw, 600px\" \/><\/a><div class=\"post-one__entry-date\"><span class=\"date\">05<\/span><span class=\"month\">Abr<\/span><\/div><\/div>       \r\n      <div class=\"post-one__content has-thumbnail\">\r\n         <div class=\"post-one__content-inner\">\r\n            <h3 class=\"post-one__title\"><a href=\"https:\/\/cpps.pt\/es\/viver-ressuscitados\/\" rel=\"bookmark\">Vivir resucitado<\/a><\/h3>\r\n            <div class=\"post-one__desc\">\u00a1Es Pascua: volvemos a vivir! En la santa noche de la Vigilia Pascual, una luz brilla en...<\/div>            <div class=\"post-one__meta\">\r\n               <div class=\"clearfix meta-inline post-meta-1\"><span class=\"author vcard\"><i class=\"fas fa-user-circle\"><\/i>Padre Felipe<\/span><span class=\"post-comment\"><i class=\"fas fa-comments\"><\/i>0 Comments<\/span><\/div>            <\/div> \r\n         <\/div>\r\n      <\/div>\r\n   <\/article>   \r\n\r\n  <\/div><div class=\"item-columns\">\r\n   <article class=\"post post-one__single post-51081 type-post status-publish format-standard has-post-thumbnail hentry category-espiritualidade tag-sabado-santo\">\r\n      <div class=\"post-one__thumbnail\"><a href=\"https:\/\/cpps.pt\/es\/o-shabbat-vai-comecar\/\"><img decoding=\"async\" width=\"600\" height=\"425\" src=\"https:\/\/cpps.pt\/wp-content\/uploads\/2026\/04\/R2-600x425.jpg?wsr\" class=\"attachment-post-thumbnail size-post-thumbnail wp-post-image\" alt=\"O Shabbat vai come\u00e7ar\" srcset=\"https:\/\/cpps.pt\/wp-content\/uploads\/2026\/04\/R2-600x425.jpg 600w, https:\/\/cpps.pt\/wp-content\/uploads\/2026\/04\/R2-18x12.jpg 18w\" sizes=\"(max-width: 600px) 100vw, 600px\" \/><\/a><div class=\"post-one__entry-date\"><span class=\"date\">04<\/span><span class=\"month\">Abr<\/span><\/div><\/div>       \r\n      <div class=\"post-one__content has-thumbnail\">\r\n         <div class=\"post-one__content-inner\">\r\n            <h3 class=\"post-one__title\"><a href=\"https:\/\/cpps.pt\/es\/o-shabbat-vai-comecar\/\" rel=\"bookmark\">El Shabat est\u00e1 a punto de comenzar.<\/a><\/h3>\r\n            <div class=\"post-one__desc\">En este d\u00eda de silencio, \u00fanico en el a\u00f1o, me detengo unos instantes para estar contigo, Se\u00f1or.<\/div>            <div class=\"post-one__meta\">\r\n               <div class=\"clearfix meta-inline post-meta-1\"><span class=\"author vcard\"><i class=\"fas fa-user-circle\"><\/i>Padre Felipe<\/span><span class=\"post-comment\"><i class=\"fas fa-comments\"><\/i>0 Comments<\/span><\/div>            <\/div> \r\n         <\/div>\r\n      <\/div>\r\n   <\/article>   \r\n\r\n  <\/div><div class=\"item-columns\">\r\n   <article class=\"post post-one__single post-51062 type-post status-publish format-standard has-post-thumbnail hentry category-espiritualidade tag-cruz tag-missionarios-do-preciosissimo-sangue\">\r\n      <div class=\"post-one__thumbnail\"><a href=\"https:\/\/cpps.pt\/es\/cristo-fue-crucificado-por-nosotros\/\"><img loading=\"lazy\" decoding=\"async\" width=\"600\" height=\"425\" src=\"https:\/\/cpps.pt\/wp-content\/uploads\/2026\/03\/SS1-600x425.jpg?wsr\" class=\"attachment-post-thumbnail size-post-thumbnail wp-post-image\" alt=\"Cristo fue crucificado por nosotros\" \/><\/a><div class=\"post-one__entry-date\"><span class=\"date\">03<\/span><span class=\"month\">Abr<\/span><\/div><\/div>       \r\n      <div class=\"post-one__content has-thumbnail\">\r\n         <div class=\"post-one__content-inner\">\r\n            <h3 class=\"post-one__title\"><a href=\"https:\/\/cpps.pt\/es\/cristo-fue-crucificado-por-nosotros\/\" rel=\"bookmark\">Cristo fue crucificado por nosotros<\/a><\/h3>\r\n            <div class=\"post-one__desc\">Antes de contemplar a Cristo en la cruz, debemos hacernos la pregunta: \u00bfPor qu\u00e9?<\/div>            <div class=\"post-one__meta\">\r\n               <div class=\"clearfix meta-inline post-meta-1\"><span class=\"author vcard\"><i class=\"fas fa-user-circle\"><\/i>Padre Felipe<\/span><span class=\"post-comment\"><i class=\"fas fa-comments\"><\/i>0 Comments<\/span><\/div>            <\/div> \r\n         <\/div>\r\n      <\/div>\r\n   <\/article>   \r\n\r\n  <\/div><div class=\"item-columns\">\r\n   <article class=\"post post-one__single post-51072 type-post status-publish format-standard has-post-thumbnail hentry category-espiritualidade tag-calice tag-eucaristia\">\r\n      <div class=\"post-one__thumbnail\"><a href=\"https:\/\/cpps.pt\/es\/tomad-y-bebed-esta-es-mi-sangre\/\"><img loading=\"lazy\" decoding=\"async\" width=\"600\" height=\"425\" src=\"https:\/\/cpps.pt\/wp-content\/uploads\/2026\/04\/abc1-600x425.jpg?wsr\" class=\"attachment-post-thumbnail size-post-thumbnail wp-post-image\" alt=\"Tomad y bebed, esta es mi sangre\" srcset=\"https:\/\/cpps.pt\/wp-content\/uploads\/2026\/04\/abc1-600x425.jpg 600w, https:\/\/cpps.pt\/wp-content\/uploads\/2026\/04\/abc1-18x12.jpg 18w\" sizes=\"(max-width: 600px) 100vw, 600px\" \/><\/a><div class=\"post-one__entry-date\"><span class=\"date\">02<\/span><span class=\"month\">Abr<\/span><\/div><\/div>       \r\n      <div class=\"post-one__content has-thumbnail\">\r\n         <div class=\"post-one__content-inner\">\r\n            <h3 class=\"post-one__title\"><a href=\"https:\/\/cpps.pt\/es\/tomad-y-bebed-esta-es-mi-sangre\/\" rel=\"bookmark\">Tomado y borracho, esta es mi sangre.<\/a><\/h3>\r\n            <div class=\"post-one__desc\">Cada vez que participamos en la Eucarist\u00eda, escuchamos: \u201cTomado y borracho, esta es mi sangre\u201d;<\/div>            <div class=\"post-one__meta\">\r\n               <div class=\"clearfix meta-inline post-meta-1\"><span class=\"author vcard\"><i class=\"fas fa-user-circle\"><\/i>Padre Felipe<\/span><span class=\"post-comment\"><i class=\"fas fa-comments\"><\/i>0 Comments<\/span><\/div>            <\/div> \r\n         <\/div>\r\n      <\/div>\r\n   <\/article>   \r\n\r\n  <\/div><div class=\"item-columns\">\r\n   <article class=\"post post-one__single post-51053 type-post status-publish format-standard has-post-thumbnail hentry category-espiritualidade category-reflexao tag-quaresma tag-via-sacra\">\r\n      <div class=\"post-one__thumbnail\"><a href=\"https:\/\/cpps.pt\/es\/via-crucis-de-maria\/\"><img loading=\"lazy\" decoding=\"async\" width=\"600\" height=\"425\" src=\"https:\/\/cpps.pt\/wp-content\/uploads\/2026\/03\/1-600x425.jpg?wsr\" class=\"attachment-post-thumbnail size-post-thumbnail wp-post-image\" alt=\"Via Crucis de Maria\" srcset=\"https:\/\/cpps.pt\/wp-content\/uploads\/2026\/03\/1-600x425.jpg 600w, https:\/\/cpps.pt\/wp-content\/uploads\/2026\/03\/1-16x12.jpg 16w\" sizes=\"(max-width: 600px) 100vw, 600px\" \/><\/a><div class=\"post-one__entry-date\"><span class=\"date\">29<\/span><span class=\"month\">Mar<\/span><\/div><\/div>       \r\n      <div class=\"post-one__content has-thumbnail\">\r\n         <div class=\"post-one__content-inner\">\r\n            <h3 class=\"post-one__title\"><a href=\"https:\/\/cpps.pt\/es\/via-crucis-de-maria\/\" rel=\"bookmark\">El V\u00eda Crucis de Mar\u00eda<\/a><\/h3>\r\n                        <div class=\"post-one__meta\">\r\n               <div class=\"clearfix meta-inline post-meta-1\"><span class=\"author vcard\"><i class=\"fas fa-user-circle\"><\/i>Padre Felipe<\/span><span class=\"post-comment\"><i class=\"fas fa-comments\"><\/i>0 Comments<\/span><\/div>            <\/div> \r\n         <\/div>\r\n      <\/div>\r\n   <\/article>   \r\n\r\n  <\/div><div class=\"item-columns\">\r\n   <article class=\"post post-one__single post-51058 type-post status-publish format-standard has-post-thumbnail hentry category-espiritualidade tag-quaresma tag-testemunho\">\r\n      <div class=\"post-one__thumbnail\"><a href=\"https:\/\/cpps.pt\/es\/rosto-do-que-sofre\/\"><img loading=\"lazy\" decoding=\"async\" width=\"600\" height=\"425\" src=\"https:\/\/cpps.pt\/wp-content\/uploads\/2026\/03\/R1-600x425.jpg?wsr\" class=\"attachment-post-thumbnail size-post-thumbnail wp-post-image\" alt=\"Rosto do que sofre\" srcset=\"https:\/\/cpps.pt\/wp-content\/uploads\/2026\/03\/R1-600x425.jpg 600w, https:\/\/cpps.pt\/wp-content\/uploads\/2026\/03\/R1-16x12.jpg 16w\" sizes=\"(max-width: 600px) 100vw, 600px\" \/><\/a><div class=\"post-one__entry-date\"><span class=\"date\">26<\/span><span class=\"month\">Mar<\/span><\/div><\/div>       \r\n      <div class=\"post-one__content has-thumbnail\">\r\n         <div class=\"post-one__content-inner\">\r\n            <h3 class=\"post-one__title\"><a href=\"https:\/\/cpps.pt\/es\/rosto-do-que-sofre\/\" rel=\"bookmark\">El rostro del que sufre.<\/a><\/h3>\r\n            <div class=\"post-one__desc\">En medio de gritos de violencia, en una atm\u00f3sfera de caos absoluto, sorprendentemente una mujer...<\/div>            <div class=\"post-one__meta\">\r\n               <div class=\"clearfix meta-inline post-meta-1\"><span class=\"author vcard\"><i class=\"fas fa-user-circle\"><\/i>Padre Felipe<\/span><span class=\"post-comment\"><i class=\"fas fa-comments\"><\/i>0 Comments<\/span><\/div>            <\/div> \r\n         <\/div>\r\n      <\/div>\r\n   <\/article>   \r\n\r\n  <\/div><div class=\"item-columns\">\r\n   <article class=\"post post-one__single post-51031 type-post status-publish format-standard has-post-thumbnail hentry category-reflexao tag-missionarios-do-preciosissimo-sangue tag-quaresma tag-via-sacra\">\r\n      <div class=\"post-one__thumbnail\"><a href=\"https:\/\/cpps.pt\/es\/via-crucis-de-la-depresion\/\"><img loading=\"lazy\" decoding=\"async\" width=\"600\" height=\"425\" src=\"https:\/\/cpps.pt\/wp-content\/uploads\/2026\/03\/depressao1-600x425.jpg?wsr\" class=\"attachment-post-thumbnail size-post-thumbnail wp-post-image\" alt=\"Via Crucis de la depresi\u00f3n\" \/><\/a><div class=\"post-one__entry-date\"><span class=\"date\">22<\/span><span class=\"month\">Mar<\/span><\/div><\/div>       \r\n      <div class=\"post-one__content has-thumbnail\">\r\n         <div class=\"post-one__content-inner\">\r\n            <h3 class=\"post-one__title\"><a href=\"https:\/\/cpps.pt\/es\/via-crucis-de-la-depresion\/\" rel=\"bookmark\">V\u00eda Crucis de la depresi\u00f3n<\/a><\/h3>\r\n                        <div class=\"post-one__meta\">\r\n               <div class=\"clearfix meta-inline post-meta-1\"><span class=\"author vcard\"><i class=\"fas fa-user-circle\"><\/i>Padre Felipe<\/span><span class=\"post-comment\"><i class=\"fas fa-comments\"><\/i>0 Comments<\/span><\/div>            <\/div> \r\n         <\/div>\r\n      <\/div>\r\n   <\/article>   \r\n\r\n  <\/div><div class=\"item-columns\">\r\n   <article class=\"post post-one__single post-51049 type-post status-publish format-standard has-post-thumbnail hentry category-espiritualidade tag-testemunho\">\r\n      <div class=\"post-one__thumbnail\"><a href=\"https:\/\/cpps.pt\/es\/jose-e-o-meu-nome\/\"><img loading=\"lazy\" decoding=\"async\" width=\"600\" height=\"425\" src=\"https:\/\/cpps.pt\/wp-content\/uploads\/2026\/03\/SJ3-600x425.jpg?wsr\" class=\"attachment-post-thumbnail size-post-thumbnail wp-post-image\" alt=\"Jos\u00e9 \u00e9 o meu nome\" srcset=\"https:\/\/cpps.pt\/wp-content\/uploads\/2026\/03\/SJ3-600x425.jpg 600w, https:\/\/cpps.pt\/wp-content\/uploads\/2026\/03\/SJ3-18x12.jpg 18w\" sizes=\"(max-width: 600px) 100vw, 600px\" \/><\/a><div class=\"post-one__entry-date\"><span class=\"date\">19<\/span><span class=\"month\">Mar<\/span><\/div><\/div>       \r\n      <div class=\"post-one__content has-thumbnail\">\r\n         <div class=\"post-one__content-inner\">\r\n            <h3 class=\"post-one__title\"><a href=\"https:\/\/cpps.pt\/es\/jose-e-o-meu-nome\/\" rel=\"bookmark\">Mi nombre es Jos\u00e9.<\/a><\/h3>\r\n            <div class=\"post-one__desc\">San Jos\u00e9, santo del silencio obediente, no predic\u00f3, no escribi\u00f3 libros ni dej\u00f3 discursos.<\/div>            <div class=\"post-one__meta\">\r\n               <div class=\"clearfix meta-inline post-meta-1\"><span class=\"author vcard\"><i class=\"fas fa-user-circle\"><\/i>Padre Felipe<\/span><span class=\"post-comment\"><i class=\"fas fa-comments\"><\/i>0 Comments<\/span><\/div>            <\/div> \r\n         <\/div>\r\n      <\/div>\r\n   <\/article>   \r\n\r\n  <\/div><div class=\"item-columns\">\r\n   <article class=\"post post-one__single post-51026 type-post status-publish format-standard has-post-thumbnail hentry category-espiritualidade category-quaresma tag-missionarios-do-preciosissimo-sangue tag-via-sacra\">\r\n      <div class=\"post-one__thumbnail\"><a href=\"https:\/\/cpps.pt\/es\/via-crucis-de-los-migrantes\/\"><img loading=\"lazy\" decoding=\"async\" width=\"600\" height=\"425\" src=\"https:\/\/cpps.pt\/wp-content\/uploads\/2026\/03\/M2-600x425.jpg?wsr\" class=\"attachment-post-thumbnail size-post-thumbnail wp-post-image\" alt=\"Via Crucis de los migrantes\" srcset=\"https:\/\/cpps.pt\/wp-content\/uploads\/2026\/03\/M2-600x425.jpg 600w, https:\/\/cpps.pt\/wp-content\/uploads\/2026\/03\/M2-18x12.jpg 18w\" sizes=\"(max-width: 600px) 100vw, 600px\" \/><\/a><div class=\"post-one__entry-date\"><span class=\"date\">15<\/span><span class=\"month\">Mar<\/span><\/div><\/div>       \r\n      <div class=\"post-one__content has-thumbnail\">\r\n         <div class=\"post-one__content-inner\">\r\n            <h3 class=\"post-one__title\"><a href=\"https:\/\/cpps.pt\/es\/via-crucis-de-los-migrantes\/\" rel=\"bookmark\">V\u00eda Crucis de los viajantes<\/a><\/h3>\r\n                        <div class=\"post-one__meta\">\r\n               <div class=\"clearfix meta-inline post-meta-1\"><span class=\"author vcard\"><i class=\"fas fa-user-circle\"><\/i>Padre Felipe<\/span><span class=\"post-comment\"><i class=\"fas fa-comments\"><\/i>0 Comments<\/span><\/div>            <\/div> \r\n         <\/div>\r\n      <\/div>\r\n   <\/article>   \r\n\r\n  <\/div><div class=\"item-columns\">\r\n   <article class=\"post post-one__single post-50999 type-post status-publish format-standard has-post-thumbnail hentry category-espiritualidade tag-missionarios-do-preciosissimo-sangue tag-quaresma tag-racismo tag-via-sacra\">\r\n      <div class=\"post-one__thumbnail\"><a href=\"https:\/\/cpps.pt\/es\/via-crucis-del-racismo\/\"><img loading=\"lazy\" decoding=\"async\" width=\"600\" height=\"425\" src=\"https:\/\/cpps.pt\/wp-content\/uploads\/2026\/02\/R2-600x425.jpg?wsr\" class=\"attachment-post-thumbnail size-post-thumbnail wp-post-image\" alt=\"Via Crucis del Racismo\" srcset=\"https:\/\/cpps.pt\/wp-content\/uploads\/2026\/02\/R2-600x425.jpg 600w, https:\/\/cpps.pt\/wp-content\/uploads\/2026\/02\/R2-18x12.jpg 18w\" sizes=\"(max-width: 600px) 100vw, 600px\" \/><\/a><div class=\"post-one__entry-date\"><span class=\"date\">08<\/span><span class=\"month\">Mar<\/span><\/div><\/div>       \r\n      <div class=\"post-one__content has-thumbnail\">\r\n         <div class=\"post-one__content-inner\">\r\n            <h3 class=\"post-one__title\"><a href=\"https:\/\/cpps.pt\/es\/via-crucis-del-racismo\/\" rel=\"bookmark\">V\u00eda Crucis del Racismo<\/a><\/h3>\r\n                        <div class=\"post-one__meta\">\r\n               <div class=\"clearfix meta-inline post-meta-1\"><span class=\"author vcard\"><i class=\"fas fa-user-circle\"><\/i>Padre Felipe<\/span><span class=\"post-comment\"><i class=\"fas fa-comments\"><\/i>0 Comments<\/span><\/div>            <\/div> \r\n         <\/div>\r\n      <\/div>\r\n   <\/article>   \r\n\r\n  <\/div><div class=\"item-columns\">\r\n   <article class=\"post post-one__single post-50994 type-post status-publish format-standard has-post-thumbnail hentry category-espiritualidade tag-pobreza tag-quaresma tag-via-sacra\">\r\n      <div class=\"post-one__thumbnail\"><a href=\"https:\/\/cpps.pt\/es\/via-crucis-de-la-pobreza\/\"><img loading=\"lazy\" decoding=\"async\" width=\"600\" height=\"425\" src=\"https:\/\/cpps.pt\/wp-content\/uploads\/2026\/02\/A1-1-600x425.jpg?wsr\" class=\"attachment-post-thumbnail size-post-thumbnail wp-post-image\" alt=\"Via Crucis de la Pobreza\" srcset=\"https:\/\/cpps.pt\/wp-content\/uploads\/2026\/02\/A1-1-600x425.jpg 600w, https:\/\/cpps.pt\/wp-content\/uploads\/2026\/02\/A1-1-16x12.jpg 16w\" sizes=\"(max-width: 600px) 100vw, 600px\" \/><\/a><div class=\"post-one__entry-date\"><span class=\"date\">01<\/span><span class=\"month\">Mar<\/span><\/div><\/div>       \r\n      <div class=\"post-one__content has-thumbnail\">\r\n         <div class=\"post-one__content-inner\">\r\n            <h3 class=\"post-one__title\"><a href=\"https:\/\/cpps.pt\/es\/via-crucis-de-la-pobreza\/\" rel=\"bookmark\">V\u00eda Crucis de la Pobreza<\/a><\/h3>\r\n                        <div class=\"post-one__meta\">\r\n               <div class=\"clearfix meta-inline post-meta-1\"><span class=\"author vcard\"><i class=\"fas fa-user-circle\"><\/i>Padre Felipe<\/span><span class=\"post-comment\"><i class=\"fas fa-comments\"><\/i>0 Comments<\/span><\/div>            <\/div> \r\n         <\/div>\r\n      <\/div>\r\n   <\/article>   \r\n\r\n  <\/div>\t\t  <\/div>\r\n\t\t<\/div>\r\n\t\t\t\t\t <div class=\"pagination\">\r\n\t\t\t\t  <div class=\"column one pager_wrapper\"><div class=\"pager\"><div class=\"paginations\"><a href=\"https:\/\/cpps.pt\/es\/wp-json\/wp\/v2\/pages\/50559\/\" class=\"page-item active\">1<\/a><a href=\"https:\/\/cpps.pt\/es\/wp-json\/wp\/v2\/pages\/50559\/page\/2\/\" class=\"page-item\">2<\/a><a href=\"https:\/\/cpps.pt\/es\/wp-json\/wp\/v2\/pages\/50559\/page\/3\/\" class=\"page-item\">3<\/a><a href=\"https:\/\/cpps.pt\/es\/wp-json\/wp\/v2\/pages\/50559\/page\/4\/\" class=\"page-item\">4<\/a><a class=\"next_page\" href=\"https:\/\/cpps.pt\/es\/wp-json\/wp\/v2\/pages\/50559\/page\/2\/\"><i class=\"fas fa-chevron-right\"><\/i><\/a><\/div><\/div><\/div>\n\t\t\t <\/div>\r\n\t\t  <\/div>\r\n  <\/div>\t\t\t\t<\/div>\n\t\t\t\t<\/div>\n\t\t\t\t\t<\/div>\n\t\t\t\t<\/div>\n\t\t\t\t<\/div>","protected":false},"excerpt":{"rendered":"<p>PROVINCIAL E INTERNACIONAL REFLEX\u00c3O E ESPIRITUALIDADE Saudoso Padre Armando 15Nov Estar com os pobres A Igreja celebra a 16 de Novembro o IX Dia Mundial do Pobre, com o Prov\u00edncia Iberica0 Coment\u00e1rios<\/p>","protected":false},"author":1,"featured_media":0,"parent":0,"menu_order":0,"comment_status":"closed","ping_status":"closed","template":"","meta":{"iawp_total_views":508,"footnotes":""},"class_list":["post-50559","page","type-page","status-publish","hentry"],"_links":{"self":[{"href":"https:\/\/cpps.pt\/es\/wp-json\/wp\/v2\/pages\/50559"}],"collection":[{"href":"https:\/\/cpps.pt\/es\/wp-json\/wp\/v2\/pages"}],"about":[{"href":"https:\/\/cpps.pt\/es\/wp-json\/wp\/v2\/types\/page"}],"author":[{"embeddable":true,"href":"https:\/\/cpps.pt\/es\/wp-json\/wp\/v2\/users\/1"}],"replies":[{"embeddable":true,"href":"https:\/\/cpps.pt\/es\/wp-json\/wp\/v2\/comments?post=50559"}],"version-history":[{"count":4,"href":"https:\/\/cpps.pt\/es\/wp-json\/wp\/v2\/pages\/50559\/revisions"}],"predecessor-version":[{"id":50563,"href":"https:\/\/cpps.pt\/es\/wp-json\/wp\/v2\/pages\/50559\/revisions\/50563"}],"wp:attachment":[{"href":"https:\/\/cpps.pt\/es\/wp-json\/wp\/v2\/media?parent=50559"}],"curies":[{"name":"wp","href":"https:\/\/api.w.org\/{rel}","templated":true}]}}