{"id":605,"date":"2025-07-01T13:41:25","date_gmt":"2025-07-01T12:41:25","guid":{"rendered":"https:\/\/gaviaspreview.com\/wp\/welowe\/?page_id=27"},"modified":"2025-07-08T23:16:44","modified_gmt":"2025-07-08T22:16:44","slug":"cpps-no-mundo","status":"publish","type":"page","link":"https:\/\/cpps.pt\/es\/cpps-no-mundo\/","title":{"rendered":"CPPS en el mundo"},"content":{"rendered":"<div data-elementor-type=\"wp-page\" data-elementor-id=\"605\" class=\"elementor elementor-605\" data-elementor-post-type=\"page\">\n\t\t\t\t<div class=\"elementor-element elementor-element-43590fd e-con-full e-flex e-con e-parent\" data-id=\"43590fd\" data-element_type=\"container\">\n\t\t<div class=\"elementor-element elementor-element-457f9f9 e-con-full e-flex e-con e-child\" data-id=\"457f9f9\" data-element_type=\"container\">\n\t\t\t\t<div class=\"elementor-element elementor-element-08a1441 elementor-widget elementor-widget-gva_post_breadcrumb\" data-id=\"08a1441\" data-element_type=\"widget\" data-widget_type=\"gva_post_breadcrumb.default\">\n\t\t\t\t<div class=\"elementor-widget-container\">\n\t\t\t\t\t<div class=\"gva-element-gva_post_breadcrumb gva-element\">   \r\n<div class=\"post-breadcrumb\">\r\n   <div class=\"custom-breadcrumb\">\r\n      <div class=\"breadcrumb-main\">\r\n        <div class=\"container\">\r\n          <div class=\"breadcrumb-container-inner align-center\">\r\n            <h2 class=\"heading-title\">CPPS en el mundo<\/h2>          <\/div>  \r\n        <\/div>   \r\n      <\/div>  \r\n   <\/div>\r\n<\/div>      \r\n\r\n<\/div>\t\t\t\t<\/div>\n\t\t\t\t<\/div>\n\t\t\t\t<\/div>\n\t\t\t\t<\/div>\n\t\t<div class=\"elementor-element elementor-element-8645c14 e-flex e-con-boxed e-con e-parent\" data-id=\"8645c14\" data-element_type=\"container\" data-settings=\"{&quot;background_background&quot;:&quot;classic&quot;}\">\n\t\t\t\t\t<div class=\"e-con-inner\">\n\t\t<div class=\"elementor-element elementor-element-2310b5c e-con-full e-flex e-con e-child\" data-id=\"2310b5c\" data-element_type=\"container\">\n\t\t<div class=\"elementor-element elementor-element-5084e1e e-con-full e-flex e-con e-child\" data-id=\"5084e1e\" data-element_type=\"container\">\n\t\t\t\t<div class=\"elementor-element elementor-element-5e4a53c elementor-widget elementor-widget-gva-heading-block\" data-id=\"5e4a53c\" data-element_type=\"widget\" data-settings=\"{&quot;_animation&quot;:&quot;none&quot;}\" data-widget_type=\"gva-heading-block.default\">\n\t\t\t\t<div class=\"elementor-widget-container\">\n\t\t\t\t\t<div class=\"gva-element-gva-heading-block gva-element\">   <div class=\"align-left style-1 widget gsc-heading box-align-left auto-responsive\">\r\n      <div class=\"content-inner\">\r\n         \r\n                  \r\n         <div class=\"sub-title\"><span class=\"tagline\">Alrededor del mundo...<\/span><\/div>  \r\n         \r\n                     <h2 class=\"title\">\r\n               <span>Raci\u00f3n<\/span>\r\n            <\/h2>\r\n                  \r\n                     <div class=\"title-desc\">Para crear un futuro mejor.<\/div>\r\n         \r\n         \r\n      <\/div>\r\n   <\/div>\r\n<\/div>\t\t\t\t<\/div>\n\t\t\t\t<\/div>\n\t\t\t\t<div class=\"elementor-element elementor-element-9431c5c elementor-widget elementor-widget-gva-heading-block\" data-id=\"9431c5c\" data-element_type=\"widget\" data-settings=\"{&quot;_animation&quot;:&quot;none&quot;}\" data-widget_type=\"gva-heading-block.default\">\n\t\t\t\t<div class=\"elementor-widget-container\">\n\t\t\t\t\t<div class=\"gva-element-gva-heading-block gva-element\">   <div class=\"align-left style-1 widget gsc-heading box-align-left auto-responsive\">\r\n      <div class=\"content-inner\">\r\n         \r\n                  \r\n           \r\n         \r\n                  \r\n                     <div class=\"title-desc\">Estamos presentes en diferentes ambientes donde escuchamos las \u201cvoces que claman\u201d por plenitud de vida.<\/div>\r\n         \r\n         \r\n      <\/div>\r\n   <\/div>\r\n<\/div>\t\t\t\t<\/div>\n\t\t\t\t<\/div>\n\t\t<div class=\"elementor-element elementor-element-227a07c e-flex e-con-boxed e-con e-child\" data-id=\"227a07c\" data-element_type=\"container\">\n\t\t\t\t\t<div class=\"e-con-inner\">\n\t\t\t\t<div class=\"elementor-element elementor-element-7b3cfb9 elementor-view-stacked elementor-position-left elementor-vertical-align-middle elementor-widget__width-auto icon-box-left elementor-mobile-position-left elementor-shape-circle elementor-widget elementor-widget-icon-box\" data-id=\"7b3cfb9\" data-element_type=\"widget\" data-widget_type=\"icon-box.default\">\n\t\t\t\t<div class=\"elementor-widget-container\">\n\t\t\t\t\t\t\t<div class=\"elementor-icon-box-wrapper\">\n\n\t\t\t\t\t\t<div class=\"elementor-icon-box-icon\">\n\t\t\t\t<span  class=\"elementor-icon\">\n\t\t\t\t<i aria-hidden=\"true\" class=\"wicon-donation\"><\/i>\t\t\t\t<\/span>\n\t\t\t<\/div>\n\t\t\t\n\t\t\t\t\t\t<div class=\"elementor-icon-box-content\">\n\n\t\t\t\t\t\t\t\t\t<h3 class=\"elementor-icon-box-title\">\n\t\t\t\t\t\t<span  >\n\t\t\t\t\t\t\tColaboradores\t\t\t\t\t\t<\/span>\n\t\t\t\t\t<\/h3>\n\t\t\t\t\n\t\t\t\t\t\t\t\t\t<p class=\"elementor-icon-box-description\">\n\t\t\t\t\t\t472\t\t\t\t\t<\/p>\n\t\t\t\t\n\t\t\t<\/div>\n\t\t\t\n\t\t<\/div>\n\t\t\t\t\t\t<\/div>\n\t\t\t\t<\/div>\n\t\t\t\t\t<\/div>\n\t\t\t\t<\/div>\n\t\t<div class=\"elementor-element elementor-element-f57409a e-flex e-con-boxed e-con e-child\" data-id=\"f57409a\" data-element_type=\"container\">\n\t\t\t\t\t<div class=\"e-con-inner\">\n\t\t\t\t\t<\/div>\n\t\t\t\t<\/div>\n\t\t\t\t<\/div>\n\t\t\t\t<\/div>\n\t\t<div class=\"elementor-element elementor-element-9b141dd e-con-full e-flex e-con e-child\" data-id=\"9b141dd\" data-element_type=\"container\">\n\t\t\t\t<div class=\"elementor-element elementor-element-94c8a51 elementor-widget elementor-widget-gva-location\" data-id=\"94c8a51\" data-element_type=\"widget\" data-widget_type=\"gva-location.default\">\n\t\t\t\t<div class=\"elementor-widget-container\">\n\t\t\t\t\t<div class=\"gva-element-gva-location gva-element\">\r\n<div class=\"location-one__single\">\r\n   <div class=\"location-one__wrap\">\r\n      <div class=\"location-one__image\"><img decoding=\"async\" src=\"https:\/\/cpps.pt\/wp-content\/plugins\/welowe-themer\/elementor\/assets\/images\/map.png\" alt=\"\"\/><\/div>      <div class=\"location-one__locations\">\r\n         <div class=\"location-one__item elementor-repeater-item-2a25398 item-1\"><div class=\"location-one__map-marker\"><\/div><div class=\"location-one__item-box\"><div class=\"location-one__item-popup\"><div class=\"location-one__item-content\"><div class=\"location-one__item-image\"><img decoding=\"async\" src=\"https:\/\/cpps.pt\/wp-content\/uploads\/2025\/06\/alemanha8919346585895.webp?wsr\" alt=\"\" \/><\/div><div class=\"location-one__content\"><div class=\"location-one__title\">ALEMANIA<\/div><\/div><\/div><\/div><\/div><\/div><div class=\"location-one__item elementor-repeater-item-5ddae1e item-2\"><div class=\"location-one__map-marker\"><\/div><div class=\"location-one__item-box\"><div class=\"location-one__item-popup\"><div class=\"location-one__item-content\"><div class=\"location-one__item-image\"><img decoding=\"async\" src=\"https:\/\/cpps.pt\/wp-content\/uploads\/2025\/06\/brasil8919346585895.webp?wsr\" alt=\"\" \/><\/div><div class=\"location-one__content\"><div class=\"location-one__title\">BRASIL<\/div><\/div><\/div><\/div><\/div><\/div><div class=\"location-one__item elementor-repeater-item-9031621 item-3\"><div class=\"location-one__map-marker\"><\/div><div class=\"location-one__item-box\"><div class=\"location-one__item-popup\"><div class=\"location-one__item-content\"><div class=\"location-one__item-image\"><img decoding=\"async\" src=\"https:\/\/cpps.pt\/wp-content\/uploads\/2025\/06\/caceres8919346585895.webp?wsr\" alt=\"\" \/><\/div><div class=\"location-one__content\"><div class=\"location-one__title\">C\u00e1ceres,<br\/> ESPA\u00d1A<\/div><\/div><\/div><\/div><\/div><\/div><div class=\"location-one__item elementor-repeater-item-b98931b item-4\"><div class=\"location-one__map-marker\"><\/div><div class=\"location-one__item-box\"><div class=\"location-one__item-popup\"><div class=\"location-one__item-content\"><div class=\"location-one__item-image\"><img decoding=\"async\" src=\"https:\/\/cpps.pt\/wp-content\/uploads\/2025\/06\/canada8919346585895.webp?wsr\" alt=\"\" \/><\/div><div class=\"location-one__content\"><div class=\"location-one__title\">CANAD\u00c1<\/div><\/div><\/div><\/div><\/div><\/div><div class=\"location-one__item elementor-repeater-item-fa3ccec item-5\"><div class=\"location-one__map-marker\"><\/div><div class=\"location-one__item-box\"><div class=\"location-one__item-popup\"><div class=\"location-one__item-content\"><div class=\"location-one__item-image\"><img decoding=\"async\" src=\"https:\/\/cpps.pt\/wp-content\/uploads\/2025\/06\/colombia8919346585895.webp?wsr\" alt=\"\" \/><\/div><div class=\"location-one__content\"><div class=\"location-one__title\">COLOMBIA<\/div><\/div><\/div><\/div><\/div><\/div><div class=\"location-one__item elementor-repeater-item-020e6f2 item-6\"><div class=\"location-one__map-marker\"><\/div><div class=\"location-one__item-box\"><div class=\"location-one__item-popup\"><div class=\"location-one__item-content\"><div class=\"location-one__item-image\"><img decoding=\"async\" src=\"https:\/\/cpps.pt\/wp-content\/uploads\/2025\/06\/chile8919346585895.webp?wsr\" alt=\"\" \/><\/div><div class=\"location-one__content\"><div class=\"location-one__title\">CHILE<\/div><\/div><\/div><\/div><\/div><\/div><div class=\"location-one__item elementor-repeater-item-de593c7 item-7\"><div class=\"location-one__map-marker\"><\/div><div class=\"location-one__item-box\"><div class=\"location-one__item-popup\"><div class=\"location-one__item-content\"><div class=\"location-one__item-image\"><img decoding=\"async\" src=\"https:\/\/cpps.pt\/wp-content\/uploads\/2025\/06\/croacia8919346585895.webp?wsr\" alt=\"\" \/><\/div><div class=\"location-one__content\"><div class=\"location-one__title\">CROACIA<\/div><\/div><\/div><\/div><\/div><\/div><div class=\"location-one__item elementor-repeater-item-414e359 item-8\"><div class=\"location-one__map-marker\"><\/div><div class=\"location-one__item-box\"><div class=\"location-one__item-popup\"><div class=\"location-one__item-content\"><div class=\"location-one__item-image\"><img decoding=\"async\" src=\"https:\/\/cpps.pt\/wp-content\/uploads\/2025\/06\/eua8919346585895.webp?wsr\" alt=\"\" \/><\/div><div class=\"location-one__content\"><div class=\"location-one__title\">ESTADOS UNIDOS<\/div><\/div><\/div><\/div><\/div><\/div><div class=\"location-one__item elementor-repeater-item-90e4135 item-9\"><div class=\"location-one__map-marker\"><\/div><div class=\"location-one__item-box\"><div class=\"location-one__item-popup\"><div class=\"location-one__item-content\"><div class=\"location-one__item-image\"><img decoding=\"async\" src=\"https:\/\/cpps.pt\/wp-content\/uploads\/2025\/06\/guinebissau8919346585895.webp?wsr\" alt=\"\" \/><\/div><div class=\"location-one__content\"><div class=\"location-one__title\">GUINEA BISSAU<\/div><\/div><\/div><\/div><\/div><\/div><div class=\"location-one__item elementor-repeater-item-88c6ccd item-10\"><div class=\"location-one__map-marker\"><\/div><div class=\"location-one__item-box\"><div class=\"location-one__item-popup\"><div class=\"location-one__item-content\"><div class=\"location-one__item-image\"><img decoding=\"async\" src=\"https:\/\/cpps.pt\/wp-content\/uploads\/2025\/07\/india8919346585895.webp?wsr\" alt=\"\" \/><\/div><div class=\"location-one__content\"><div class=\"location-one__title\">INDIA<\/div><\/div><\/div><\/div><\/div><\/div><div class=\"location-one__item elementor-repeater-item-aef0594 item-11\"><div class=\"location-one__map-marker\"><\/div><div class=\"location-one__item-box\"><div class=\"location-one__item-popup\"><div class=\"location-one__item-content\"><div class=\"location-one__item-image\"><img decoding=\"async\" src=\"https:\/\/cpps.pt\/wp-content\/uploads\/2025\/06\/italia8919346585895.webp?wsr\" alt=\"\" \/><\/div><div class=\"location-one__content\"><div class=\"location-one__title\">ITALIA<\/div><\/div><\/div><\/div><\/div><\/div><div class=\"location-one__item elementor-repeater-item-a8de339 item-12\"><div class=\"location-one__map-marker\"><\/div><div class=\"location-one__item-box\"><div class=\"location-one__item-popup\"><div class=\"location-one__item-content\"><div class=\"location-one__item-image\"><img decoding=\"async\" src=\"https:\/\/cpps.pt\/wp-content\/uploads\/2025\/07\/mexico8919346585895.webp?wsr\" alt=\"\" \/><\/div><div class=\"location-one__content\"><div class=\"location-one__title\">M\u00c9XICO<\/div><\/div><\/div><\/div><\/div><\/div><div class=\"location-one__item elementor-repeater-item-74120c2 item-13\"><div class=\"location-one__map-marker\"><\/div><div class=\"location-one__item-box\"><div class=\"location-one__item-popup\"><div class=\"location-one__item-content\"><div class=\"location-one__item-image\"><img decoding=\"async\" src=\"https:\/\/cpps.pt\/wp-content\/uploads\/2025\/06\/peru8919346585895.webp?wsr\" alt=\"\" \/><\/div><div class=\"location-one__content\"><div class=\"location-one__title\">PER\u00da<\/div><\/div><\/div><\/div><\/div><\/div><div class=\"location-one__item elementor-repeater-item-cd626ce item-14\"><div class=\"location-one__map-marker\"><\/div><div class=\"location-one__item-box\"><div class=\"location-one__item-popup\"><div class=\"location-one__item-content\"><div class=\"location-one__item-image\"><img decoding=\"async\" src=\"https:\/\/cpps.pt\/wp-content\/uploads\/2025\/06\/polonia8919346585895.webp?wsr\" alt=\"\" \/><\/div><div class=\"location-one__content\"><div class=\"location-one__title\">POLONIA<\/div><\/div><\/div><\/div><\/div><\/div><div class=\"location-one__item elementor-repeater-item-d01997f item-15\"><div class=\"location-one__map-marker\"><\/div><div class=\"location-one__item-box\"><div class=\"location-one__item-popup\"><div class=\"location-one__item-content\"><div class=\"location-one__item-image\"><img decoding=\"async\" src=\"https:\/\/cpps.pt\/wp-content\/uploads\/2025\/06\/vilavicosa8919346585895.webp?wsr\" alt=\"\" \/><\/div><div class=\"location-one__content\"><div class=\"location-one__title\">Proen\u00e7a-a-Nova y Vila Vi\u00e7osa, PORTUGAL<\/div><\/div><\/div><\/div><\/div><\/div><div class=\"location-one__item elementor-repeater-item-2748dc1 item-16\"><div class=\"location-one__map-marker\"><\/div><div class=\"location-one__item-box\"><div class=\"location-one__item-popup\"><div class=\"location-one__item-content\"><div class=\"location-one__item-image\"><img decoding=\"async\" src=\"https:\/\/cpps.pt\/wp-content\/uploads\/2025\/06\/tanzania8919346585895.webp?wsr\" alt=\"\" \/><\/div><div class=\"location-one__content\"><div class=\"location-one__title\">TANZANIA<\/div><\/div><\/div><\/div><\/div><\/div><div class=\"location-one__item elementor-repeater-item-c14bb48 item-17\"><div class=\"location-one__map-marker\"><\/div><div class=\"location-one__item-box\"><div class=\"location-one__item-popup\"><div class=\"location-one__item-content\"><div class=\"location-one__item-image\"><img decoding=\"async\" src=\"https:\/\/cpps.pt\/wp-content\/uploads\/2025\/07\/vietname8919346585895.webp?wsr\" alt=\"\" \/><\/div><div class=\"location-one__content\"><div class=\"location-one__title\">VIETNAM<\/div><\/div><\/div><\/div><\/div><\/div>      <\/div>\r\n   <\/div>\r\n<\/div>\r\n<\/div>\t\t\t\t<\/div>\n\t\t\t\t<\/div>\n\t\t\t\t<\/div>\n\t\t\t\t\t<\/div>\n\t\t\t\t<\/div>\n\t\t<div class=\"elementor-element elementor-element-7adc3c9 e-flex e-con-boxed e-con e-parent\" data-id=\"7adc3c9\" data-element_type=\"container\">\n\t\t\t\t\t<div class=\"e-con-inner\">\n\t\t\t\t<div class=\"elementor-element elementor-element-95ee735 elementor-widget elementor-widget-text-editor\" data-id=\"95ee735\" data-element_type=\"widget\" data-widget_type=\"text-editor.default\">\n\t\t\t\t<div class=\"elementor-widget-container\">\n\t\t\t\t\t\t\t\t\t<p>San Gaspar del B\u00fafalo sirvi\u00f3 a la Iglesia en las Misiones Populares. Cargando una enorme cruz, la coloc\u00f3 en el centro de la plaza del pueblo y luego habl\u00f3 de la Precios\u00edsima Sangre de Jes\u00fas, la Sangre Redentora de Jes\u00fas. Sus palabras atrajeron a la gente a Cristo mediante la confesi\u00f3n y la conversi\u00f3n. Desempe\u00f1\u00f3 un papel decisivo en cambiar la vida de grupos organizados que se dedicaban al robo.<\/p>\t\t\t\t\t\t\t\t<\/div>\n\t\t\t\t<\/div>\n\t\t\t\t<div class=\"elementor-element elementor-element-3311dfa elementor-widget elementor-widget-gva-heading-block\" data-id=\"3311dfa\" data-element_type=\"widget\" data-widget_type=\"gva-heading-block.default\">\n\t\t\t\t<div class=\"elementor-widget-container\">\n\t\t\t\t\t<div class=\"gva-element-gva-heading-block gva-element\">   <div class=\"align-center style-1 widget gsc-heading box-align-center auto-responsive\">\r\n      <div class=\"content-inner\">\r\n         \r\n                  \r\n         <div class=\"sub-title\"><span class=\"tagline\">Hoy continuamos<\/span><\/div>  \r\n         \r\n                     <h2 class=\"title\">\r\n               <span>Esta misi\u00f3n en lugares<\/span>\r\n            <\/h2>\r\n                  \r\n                     <div class=\"title-desc\"> donde servimos a la Iglesia<\/div>\r\n         \r\n         \r\n      <\/div>\r\n   <\/div>\r\n<\/div>\t\t\t\t<\/div>\n\t\t\t\t<\/div>\n\t\t\t\t\t<\/div>\n\t\t\t\t<\/div>\n\t\t<div class=\"elementor-element elementor-element-b9c0fd6 e-grid e-con-boxed e-con e-parent\" data-id=\"b9c0fd6\" data-element_type=\"container\">\n\t\t\t\t\t<div class=\"e-con-inner\">\n\t\t\t\t<div class=\"elementor-element elementor-element-d239462 elementor-widget elementor-widget-gva-features-block\" data-id=\"d239462\" data-element_type=\"widget\" data-widget_type=\"gva-features-block.default\">\n\t\t\t\t<div class=\"elementor-widget-container\">\n\t\t\t\t\t<div class=\"gva-element-gva-features-block gva-element\">\r\n\r\n\r\n\r\n<div class=\"feature-three__single\"><div class=\"feature-three__wrapper\"><div class=\"feature-three__icon\"><i aria-hidden=\"true\" class=\"wicon-dove\"><\/i><\/div><div class=\"feature-three__content\"><h3 class=\"feature-three__title\">Compartimos la riqueza<\/h3><div class=\"feature-three__desc\">De la Espiritualidad de la Precios\u00edsima Sangre, la sangre de Cristo derramada por amor a cada persona. Somos portadores de esperanza para ni\u00f1os, j\u00f3venes, adultos, ancianos, pobres y personas afectadas por el sufrimiento...<\/div><\/div><\/div><\/div><\/div>\t\t\t\t<\/div>\n\t\t\t\t<\/div>\n\t\t\t\t<div class=\"elementor-element elementor-element-cc13f59 elementor-widget elementor-widget-gva-features-block\" data-id=\"cc13f59\" data-element_type=\"widget\" data-widget_type=\"gva-features-block.default\">\n\t\t\t\t<div class=\"elementor-widget-container\">\n\t\t\t\t\t<div class=\"gva-element-gva-features-block gva-element\">\r\n\r\n\r\n\r\n<div class=\"feature-three__single\"><div class=\"feature-three__wrapper\"><div class=\"feature-three__icon\"><i aria-hidden=\"true\" class=\"wicon-heart-1\"><\/i><\/div><div class=\"feature-three__content\"><h3 class=\"feature-three__title\">Usamos el Poder de la Palabra de Dios<\/h3><div class=\"feature-three__desc\">que testimoniamos con nuestra manera de vivir y que transmitimos con entusiasmo.<\/div><\/div><\/div><\/div><\/div>\t\t\t\t<\/div>\n\t\t\t\t<\/div>\n\t\t\t\t<div class=\"elementor-element elementor-element-3779005 elementor-widget elementor-widget-gva-features-block\" data-id=\"3779005\" data-element_type=\"widget\" data-widget_type=\"gva-features-block.default\">\n\t\t\t\t<div class=\"elementor-widget-container\">\n\t\t\t\t\t<div class=\"gva-element-gva-features-block gva-element\">\r\n\r\n\r\n\r\n<div class=\"feature-three__single\"><div class=\"feature-three__wrapper\"><div class=\"feature-three__icon\"><i aria-hidden=\"true\" class=\"wicon-donation-2\"><\/i><\/div><div class=\"feature-three__content\"><h3 class=\"feature-three__title\">Vivimos la Misi\u00f3n<\/h3><div class=\"feature-three__desc\">En los diversos servicios que ofrecemos: parroquias, retiros y acompa\u00f1amiento a diversos movimientos. Estamos disponibles para el servicio que la Iglesia y el mundo nos piden, con un esp\u00edritu de renovaci\u00f3n, como disc\u00edpulos misioneros.<\/div><\/div><\/div><\/div><\/div>\t\t\t\t<\/div>\n\t\t\t\t<\/div>\n\t\t\t\t\t<\/div>\n\t\t\t\t<\/div>\n\t\t\t\t<\/div>","protected":false},"excerpt":{"rendered":"<p>CPPS no Mundo Pelo mundo&#8230; Ajudando a criar um futuro melhor. Marcamos presen\u00e7a em ambientes variados de onde escutamos as \u201cvozes que clamam\u201d por plenitude de vida. Colaboradores 472 ALEMANHABRASILC\u00e1ceres, ESPANHACANAD\u00c1COLOMBIACHILECRO\u00c1CIAESTADOS UNIDOSGUIN\u00c9 BISSAUINDIAIT\u00c1LIAM\u00c9XICOPER\u00daPOL\u00d3NIAProen\u00e7a-a-Nova e Vila Vi\u00e7osa, PORTUGALTANZ\u00c2NIAVIETNAME S. Gaspar del B\u00fafalo serviu a Igreja nas Miss\u00f5es Populares. Levando uma enorme cruz, colocava-a no centro da [&hellip;]<\/p>","protected":false},"author":2,"featured_media":0,"parent":0,"menu_order":0,"comment_status":"closed","ping_status":"closed","template":"","meta":{"iawp_total_views":56,"footnotes":""},"class_list":["post-605","page","type-page","status-publish","hentry"],"_links":{"self":[{"href":"https:\/\/cpps.pt\/es\/wp-json\/wp\/v2\/pages\/605"}],"collection":[{"href":"https:\/\/cpps.pt\/es\/wp-json\/wp\/v2\/pages"}],"about":[{"href":"https:\/\/cpps.pt\/es\/wp-json\/wp\/v2\/types\/page"}],"author":[{"embeddable":true,"href":"https:\/\/cpps.pt\/es\/wp-json\/wp\/v2\/users\/2"}],"replies":[{"embeddable":true,"href":"https:\/\/cpps.pt\/es\/wp-json\/wp\/v2\/comments?post=605"}],"version-history":[{"count":106,"href":"https:\/\/cpps.pt\/es\/wp-json\/wp\/v2\/pages\/605\/revisions"}],"predecessor-version":[{"id":50375,"href":"https:\/\/cpps.pt\/es\/wp-json\/wp\/v2\/pages\/605\/revisions\/50375"}],"wp:attachment":[{"href":"https:\/\/cpps.pt\/es\/wp-json\/wp\/v2\/media?parent=605"}],"curies":[{"name":"wp","href":"https:\/\/api.w.org\/{rel}","templated":true}]}}