{"id":606,"date":"2025-07-01T13:41:25","date_gmt":"2025-07-01T12:41:25","guid":{"rendered":"https:\/\/gaviaspreview.com\/wp\/welowe\/?page_id=28"},"modified":"2025-11-20T23:50:05","modified_gmt":"2025-11-20T23:50:05","slug":"provincia-iberica","status":"publish","type":"page","link":"https:\/\/cpps.pt\/es\/provincia-iberica\/","title":{"rendered":"Provincia Ib\u00e9rica"},"content":{"rendered":"<div data-elementor-type=\"wp-page\" data-elementor-id=\"606\" class=\"elementor elementor-606\" data-elementor-post-type=\"page\">\n\t\t\t\t<div class=\"elementor-element elementor-element-c21da55 e-con-full e-flex e-con e-parent\" data-id=\"c21da55\" data-element_type=\"container\">\n\t\t<div class=\"elementor-element elementor-element-012ad84 e-con-full e-flex e-con e-child\" data-id=\"012ad84\" data-element_type=\"container\" data-settings=\"{&quot;background_background&quot;:&quot;classic&quot;}\">\n\t\t\t\t<div class=\"elementor-element elementor-element-e8b9fa5 elementor-widget elementor-widget-gva_post_breadcrumb\" data-id=\"e8b9fa5\" data-element_type=\"widget\" data-widget_type=\"gva_post_breadcrumb.default\">\n\t\t\t\t<div class=\"elementor-widget-container\">\n\t\t\t\t\t<div class=\"gva-element-gva_post_breadcrumb gva-element\">   \r\n<div class=\"post-breadcrumb\">\r\n   <div class=\"custom-breadcrumb\">\r\n      <div class=\"breadcrumb-main\">\r\n        <div class=\"container\">\r\n          <div class=\"breadcrumb-container-inner align-center\">\r\n            <h2 class=\"heading-title\">Provincia Ib\u00e9rica<\/h2>          <\/div>  \r\n        <\/div>   \r\n      <\/div>  \r\n   <\/div>\r\n<\/div>      \r\n\r\n<\/div>\t\t\t\t<\/div>\n\t\t\t\t<\/div>\n\t\t\t\t<\/div>\n\t\t\t\t<\/div>\n\t\t<div class=\"elementor-element elementor-element-0f3dc20 e-con-full e-flex e-con e-parent\" data-id=\"0f3dc20\" data-element_type=\"container\" data-settings=\"{&quot;background_background&quot;:&quot;classic&quot;}\">\n\t\t<div class=\"elementor-element elementor-element-a34f5bf e-con-full e-flex e-con e-child\" data-id=\"a34f5bf\" data-element_type=\"container\" data-settings=\"{&quot;background_background&quot;:&quot;classic&quot;}\">\n\t\t<div class=\"elementor-element elementor-element-f653d2b e-con-full e-flex e-con e-child\" data-id=\"f653d2b\" data-element_type=\"container\">\n\t\t\t\t<div class=\"elementor-element elementor-element-e28b9f6 elementor-widget elementor-widget-gva-heading-block\" data-id=\"e28b9f6\" data-element_type=\"widget\" data-widget_type=\"gva-heading-block.default\">\n\t\t\t\t<div class=\"elementor-widget-container\">\n\t\t\t\t\t<div class=\"gva-element-gva-heading-block gva-element\">   <div class=\"align-left style-1 widget gsc-heading box-align-left auto-responsive\">\r\n      <div class=\"content-inner\">\r\n         \r\n                  \r\n         <div class=\"sub-title\"><span class=\"tagline\">Historia de<\/span><\/div>  \r\n         \r\n                     <h2 class=\"title\">\r\n               <span>PROVINCIA IB\u00c9RICA<\/span>\r\n            <\/h2>\r\n                  \r\n                     <div class=\"title-desc\">Todo comienza con el testimonio de un posible milagro: el espa\u00f1ol Vicente de Obando y Sol\u00eds, exiliado en Italia, se entera de la curaci\u00f3n por intercesi\u00f3n de Gaspar del B\u00fafalo de una de las sobrinas del escritor De Maitre.<\/div>\r\n         \r\n         \r\n      <\/div>\r\n   <\/div>\r\n<\/div>\t\t\t\t<\/div>\n\t\t\t\t<\/div>\n\t\t\t\t<\/div>\n\t\t\t\t<\/div>\n\t\t<div class=\"elementor-element elementor-element-387d765 e-con-full e-flex e-con e-child\" data-id=\"387d765\" data-element_type=\"container\" data-settings=\"{&quot;background_background&quot;:&quot;classic&quot;}\">\n\t\t\t\t<div class=\"elementor-element elementor-element-5c73b70 elementor-widget elementor-widget-spacer\" data-id=\"5c73b70\" data-element_type=\"widget\" data-widget_type=\"spacer.default\">\n\t\t\t\t<div class=\"elementor-widget-container\">\n\t\t\t\t\t\t\t<div class=\"elementor-spacer\">\n\t\t\t<div class=\"elementor-spacer-inner\"><\/div>\n\t\t<\/div>\n\t\t\t\t\t\t<\/div>\n\t\t\t\t<\/div>\n\t\t\t\t<\/div>\n\t\t\t\t<\/div>\n\t\t<div class=\"elementor-element elementor-element-930ffbb e-flex e-con-boxed e-con e-parent\" data-id=\"930ffbb\" data-element_type=\"container\">\n\t\t\t\t\t<div class=\"e-con-inner\">\n\t\t<div class=\"elementor-element elementor-element-dd12f20 e-con-full e-flex e-con e-child\" data-id=\"dd12f20\" data-element_type=\"container\">\n\t\t\t\t<div class=\"elementor-element elementor-element-31af4e1 elementor-widget elementor-widget-text-editor\" data-id=\"31af4e1\" data-element_type=\"widget\" data-widget_type=\"text-editor.default\">\n\t\t\t\t<div class=\"elementor-widget-container\">\n\t\t\t\t\t\t\t\t\t<p>Impresionado por la situaci\u00f3n, el Marqu\u00e9s de Obando dej\u00f3 su finca de C\u00e1ceres en herencia usufructuaria a los Misioneros de la Precios\u00edsima Sangre. El primer misionero, Bartolomeu Corradini, lleg\u00f3 a C\u00e1ceres en noviembre de 1898. En 1910 se estableci\u00f3 una segunda comunidad en Val\u00eancia de Alc\u00e2ntara.<\/p>\t\t\t\t\t\t\t\t<\/div>\n\t\t\t\t<\/div>\n\t\t\t\t<div class=\"elementor-element elementor-element-d655ed5 elementor-widget elementor-widget-gva-tab-content\" data-id=\"d655ed5\" data-element_type=\"widget\" data-widget_type=\"gva-tab-content.default\">\n\t\t\t\t<div class=\"elementor-widget-container\">\n\t\t\t\t\t<div class=\"gva-element-gva-tab-content gva-element\">\r\n<div class=\"tabs-content-one__single\">\r\n   <ul class=\"nav tabs-content-one__nav\" id=\"tabs-2207010129\" role=\"tablist\">\r\n      <li class=\"tabs-content-one__nav-item cols-1\" role=\"presentation\"><a class=\"tabs-content-one__nav-link active\" data-bs-toggle=\"tab\" href=\"#\" data-bs-target=\"#tab-item-22070101291\" role=\"tab\"><span class=\"tabs-content-one__nav-title\"><\/span><\/a><\/li>   <\/ul>   \r\n   <div class=\"tabs-content-one__content tab-content\">\r\n      <div class=\"tabs-content-one__panel tab-pane fade  show active\" id=\"tab-item-22070101291\" tabindex=\"1\"><div class=\"tabs-content-one__tab-content\"><div class=\"tabs-content-one__left\"><div class=\"tabs-content-one__image\"><img decoding=\"async\" src=\"https:\/\/cpps.pt\/wp-content\/uploads\/2025\/06\/40149eb86b.webp\" alt=\"\" \/><\/div><\/div><div class=\"tabs-content-one__right\"><h3 class=\"tabs-content-one__title\"><\/h3><div class=\"tabs-content-one__desc\"><p><strong>En Portugal, la primera comunidad tambi\u00e9n aparece en Vila Vi\u00e7osa<\/strong>A petici\u00f3n del arzobispo de \u00c9vora, quien recibi\u00f3 buenas noticias del esp\u00edritu misionero de los Padres de la Precios\u00edsima Sangre y reconoci\u00f3 su importante papel en la evangelizaci\u00f3n de su di\u00f3cesis. Con dos seminarios menores en funcionamiento en C\u00e1ceres y Vila Vi\u00e7osa, las dos primeras ordenaciones de sacerdotes espa\u00f1oles tuvieron lugar en 1953-54. Los dos primeros sacerdotes portugueses fueron ordenados en los a\u00f1os...<\/p><\/div><\/div><\/div><\/div>   <\/div>\r\n<\/div>\r\n<\/div>\t\t\t\t<\/div>\n\t\t\t\t<\/div>\n\t\t\t\t<div class=\"elementor-element elementor-element-78d665e elementor-widget elementor-widget-text-editor\" data-id=\"78d665e\" data-element_type=\"widget\" data-widget_type=\"text-editor.default\">\n\t\t\t\t<div class=\"elementor-widget-container\">\n\t\t\t\t\t\t\t\t\t<p>A\u00fan vicariato, se extendi\u00f3 en Espa\u00f1a hasta Funte de Cantos y Madrid (Orcasitas y La Fotuna) y en Portugal se construy\u00f3 una casa en Proen\u00e7a a Nova.<\/p><p>Con todo este desarrollo y el creciente n\u00famero de miembros portugueses y espa\u00f1oles, en 1988 el vicariato fue elevado a Provincia.<\/p><p>En 1999, se produjo un nuevo avance con la apertura de la misi\u00f3n &quot;ad experimentum&quot; en \u00c1frica, concretamente en Guinea-Bissau. El primer misionero de este pa\u00eds fue ordenado en 2011, seguido de dos ordenaciones sacerdotales m\u00e1s.<\/p><p>Actualmente, la Provincia Iberia est\u00e1 formada por 5 comunidades y 15 sacerdotes, con presencia en Portugal, Espa\u00f1a y Guinea-Bissau.<\/p>\t\t\t\t\t\t\t\t<\/div>\n\t\t\t\t<\/div>\n\t\t\t\t<\/div>\n\t\t\t\t\t<\/div>\n\t\t\t\t<\/div>\n\t\t\t\t<\/div>","protected":false},"excerpt":{"rendered":"<p>Prov\u00edncia Ib\u00e9rica Hist\u00f3ria da PROV\u00cdNCIA IB\u00c9RICA Tudo come\u00e7a com o testemunho de um poss\u00edvel milagre: o espanhol Vicente de Obando y Solis, exilado em It\u00e1lia, ouve falar da cura por intercess\u00e3o de Gaspar del B\u00fafalo de uma das sobrinhas do escritor De Maitre. Impressinado com a situa\u00e7\u00e3o o marques de Obando deixa em testamento o [&hellip;]<\/p>","protected":false},"author":2,"featured_media":0,"parent":0,"menu_order":0,"comment_status":"closed","ping_status":"closed","template":"","meta":{"iawp_total_views":226,"footnotes":""},"class_list":["post-606","page","type-page","status-publish","hentry"],"_links":{"self":[{"href":"https:\/\/cpps.pt\/es\/wp-json\/wp\/v2\/pages\/606"}],"collection":[{"href":"https:\/\/cpps.pt\/es\/wp-json\/wp\/v2\/pages"}],"about":[{"href":"https:\/\/cpps.pt\/es\/wp-json\/wp\/v2\/types\/page"}],"author":[{"embeddable":true,"href":"https:\/\/cpps.pt\/es\/wp-json\/wp\/v2\/users\/2"}],"replies":[{"embeddable":true,"href":"https:\/\/cpps.pt\/es\/wp-json\/wp\/v2\/comments?post=606"}],"version-history":[{"count":67,"href":"https:\/\/cpps.pt\/es\/wp-json\/wp\/v2\/pages\/606\/revisions"}],"predecessor-version":[{"id":50583,"href":"https:\/\/cpps.pt\/es\/wp-json\/wp\/v2\/pages\/606\/revisions\/50583"}],"wp:attachment":[{"href":"https:\/\/cpps.pt\/es\/wp-json\/wp\/v2\/media?parent=606"}],"curies":[{"name":"wp","href":"https:\/\/api.w.org\/{rel}","templated":true}]}}