{"id":616,"date":"2025-07-01T13:41:25","date_gmt":"2025-07-01T12:41:25","guid":{"rendered":"https:\/\/gaviaspreview.com\/wp\/welowe\/?page_id=41"},"modified":"2025-07-08T23:16:44","modified_gmt":"2025-07-08T22:16:44","slug":"voluntariado","status":"publish","type":"page","link":"https:\/\/cpps.pt\/es\/voluntariado\/","title":{"rendered":"Voluntariado"},"content":{"rendered":"<div data-elementor-type=\"wp-page\" data-elementor-id=\"616\" class=\"elementor elementor-616\" data-elementor-post-type=\"page\">\n\t\t\t\t<div class=\"elementor-element elementor-element-5e0f99a e-con-full e-flex e-con e-parent\" data-id=\"5e0f99a\" data-element_type=\"container\">\n\t\t<div class=\"elementor-element elementor-element-594fc4a e-con-full e-flex e-con e-child\" data-id=\"594fc4a\" data-element_type=\"container\" data-settings=\"{&quot;background_background&quot;:&quot;classic&quot;}\">\n\t\t\t\t<div class=\"elementor-element elementor-element-8a30cd1 elementor-widget elementor-widget-gva_post_breadcrumb\" data-id=\"8a30cd1\" data-element_type=\"widget\" data-widget_type=\"gva_post_breadcrumb.default\">\n\t\t\t\t<div class=\"elementor-widget-container\">\n\t\t\t\t\t<div class=\"gva-element-gva_post_breadcrumb gva-element\">   \r\n<div class=\"post-breadcrumb\">\r\n   <div class=\"custom-breadcrumb\">\r\n      <div class=\"breadcrumb-main\">\r\n        <div class=\"container\">\r\n          <div class=\"breadcrumb-container-inner align-center\">\r\n            <h2 class=\"heading-title\">Voluntariado<\/h2>          <\/div>  \r\n        <\/div>   \r\n      <\/div>  \r\n   <\/div>\r\n<\/div>      \r\n\r\n<\/div>\t\t\t\t<\/div>\n\t\t\t\t<\/div>\n\t\t\t\t<\/div>\n\t\t\t\t<\/div>\n\t\t<div class=\"elementor-element elementor-element-7f73655 e-flex e-con-boxed e-con e-parent\" data-id=\"7f73655\" data-element_type=\"container\" data-settings=\"{&quot;background_background&quot;:&quot;classic&quot;}\">\n\t\t\t\t\t<div class=\"e-con-inner\">\n\t\t<div class=\"elementor-element elementor-element-2c2417b e-con-full e-flex e-con e-child\" data-id=\"2c2417b\" data-element_type=\"container\">\n\t\t\t\t<div class=\"elementor-element elementor-element-dd014b1 elementor-widget elementor-widget-gva-heading-block\" data-id=\"dd014b1\" data-element_type=\"widget\" data-settings=\"{&quot;_animation&quot;:&quot;none&quot;}\" data-widget_type=\"gva-heading-block.default\">\n\t\t\t\t<div class=\"elementor-widget-container\">\n\t\t\t\t\t<div class=\"gva-element-gva-heading-block gva-element\">   <div class=\"align-left style-1 widget gsc-heading box-align-left auto-responsive\">\r\n      <div class=\"content-inner\">\r\n         \r\n                  \r\n         <div class=\"sub-title\"><span class=\"tagline\">Juntos ayudamos...<\/span><\/div>  \r\n         \r\n                     <h2 class=\"title\">\r\n               <span>...\u00a1mejorando la vida de quienes m\u00e1s lo necesitan!<\/span>\r\n            <\/h2>\r\n                  \r\n         \r\n         \r\n      <\/div>\r\n   <\/div>\r\n<\/div>\t\t\t\t<\/div>\n\t\t\t\t<\/div>\n\t\t\t\t<div class=\"elementor-element elementor-element-650cba0 elementor-position-left icon-box-left elementor-view-default elementor-mobile-position-top elementor-vertical-align-top elementor-widget elementor-widget-icon-box\" data-id=\"650cba0\" data-element_type=\"widget\" data-widget_type=\"icon-box.default\">\n\t\t\t\t<div class=\"elementor-widget-container\">\n\t\t\t\t\t\t\t<div class=\"elementor-icon-box-wrapper\">\n\n\t\t\t\t\t\t<div class=\"elementor-icon-box-icon\">\n\t\t\t\t<span  class=\"elementor-icon\">\n\t\t\t\t<i aria-hidden=\"true\" class=\"wicon-solidarity-1\"><\/i>\t\t\t\t<\/span>\n\t\t\t<\/div>\n\t\t\t\n\t\t\t\t\t\t<div class=\"elementor-icon-box-content\">\n\n\t\t\t\t\t\t\t\t\t<h3 class=\"elementor-icon-box-title\">\n\t\t\t\t\t\t<span  >\n\t\t\t\t\t\t\tConstruimos puentes alrededor de ideas y juntos las hacemos realidad.\t\t\t\t\t\t<\/span>\n\t\t\t\t\t<\/h3>\n\t\t\t\t\n\t\t\t\t\n\t\t\t<\/div>\n\t\t\t\n\t\t<\/div>\n\t\t\t\t\t\t<\/div>\n\t\t\t\t<\/div>\n\t\t\t\t<div class=\"elementor-element elementor-element-61eb517 elementor-hidden-desktop elementor-hidden-tablet elementor-hidden-mobile elementor-widget elementor-widget-progress\" data-id=\"61eb517\" data-element_type=\"widget\" data-widget_type=\"progress.default\">\n\t\t\t\t<div class=\"elementor-widget-container\">\n\t\t\t\t\t\t\t\t<span class=\"elementor-title\" id=\"elementor-progress-bar-61eb517\">\n\t\t\t\tObjetivo de porcentaje de voluntarios\t\t\t<\/span>\n\t\t\n\t\t<div aria-labelledby=\"elementor-progress-bar-61eb517\" class=\"elementor-progress-wrapper\" role=\"progressbar\" aria-valuemin=\"0\" aria-valuemax=\"100\" aria-valuenow=\"82\" aria-valuetext=\"82% (Web Designer)\">\n\t\t\t<div class=\"elementor-progress-bar\" data-max=\"82\">\n\t\t\t\t<span class=\"elementor-progress-text\">Dise\u00f1ador web<\/span>\n\t\t\t\t\t\t\t\t\t<span class=\"elementor-progress-percentage\">82%<\/span>\n\t\t\t\t\t\t\t<\/div>\n\t\t<\/div>\n\t\t\t\t\t\t<\/div>\n\t\t\t\t<\/div>\n\t\t\t\t<\/div>\n\t\t<div class=\"elementor-element elementor-element-fc1181f e-con-full e-flex e-con e-child\" data-id=\"fc1181f\" data-element_type=\"container\">\n\t\t\t\t<div class=\"elementor-element elementor-element-2143cb7 elementor-widget elementor-widget-image\" data-id=\"2143cb7\" data-element_type=\"widget\" data-widget_type=\"image.default\">\n\t\t\t\t<div class=\"elementor-widget-container\">\n\t\t\t\t\t\t\t\t\t\t\t\t\t\t\t<img fetchpriority=\"high\" decoding=\"async\" width=\"580\" height=\"478\" src=\"https:\/\/cpps.pt\/wp-content\/uploads\/2025\/07\/children8919346585895.webp?wsr\" class=\"attachment-full size-full wp-image-50189\" alt=\"\" \/>\t\t\t\t\t\t\t\t\t\t\t\t\t\t\t<\/div>\n\t\t\t\t<\/div>\n\t\t\t\t<\/div>\n\t\t\t\t\t<\/div>\n\t\t\t\t<\/div>\n\t\t<div class=\"elementor-element elementor-element-3c12c18 e-con-full e-flex e-con e-parent\" data-id=\"3c12c18\" data-element_type=\"container\" data-settings=\"{&quot;background_background&quot;:&quot;gradient&quot;}\">\n\t\t<div class=\"elementor-element elementor-element-00ec040 e-con-full e-flex e-con e-child\" data-id=\"00ec040\" data-element_type=\"container\">\n\t\t<div class=\"elementor-element elementor-element-340f61c e-flex e-con-boxed e-con e-child\" data-id=\"340f61c\" data-element_type=\"container\">\n\t\t\t\t\t<div class=\"e-con-inner\">\n\t\t\t\t<div class=\"elementor-element elementor-element-dfa2d67 elementor-widget elementor-widget-gva-heading-block\" data-id=\"dfa2d67\" data-element_type=\"widget\" data-widget_type=\"gva-heading-block.default\">\n\t\t\t\t<div class=\"elementor-widget-container\">\n\t\t\t\t\t<div class=\"gva-element-gva-heading-block gva-element\">   <div class=\"align-center style-1 widget gsc-heading box-align-center auto-responsive\">\r\n      <div class=\"content-inner\">\r\n         \r\n                  \r\n         <div class=\"sub-title\"><span class=\"tagline\">Algunos de los nuestros<\/span><\/div>  \r\n         \r\n                     <h2 class=\"title\">\r\n               <span>Voluntarios<\/span>\r\n            <\/h2>\r\n                  \r\n         \r\n         \r\n      <\/div>\r\n   <\/div>\r\n<\/div>\t\t\t\t<\/div>\n\t\t\t\t<\/div>\n\t\t\t\t<div class=\"elementor-element elementor-element-5f83f32 elementor-widget elementor-widget-gva-team\" data-id=\"5f83f32\" data-element_type=\"widget\" data-widget_type=\"gva-team.default\">\n\t\t\t\t<div class=\"elementor-widget-container\">\n\t\t\t\t\t<div class=\"gva-element-gva-team gva-element\">\r\n<div class=\"gsc-team layout-grid\">\r\n   <div class=\"lg-block-grid-2 md-block-grid-3 sm-block-grid-2 xs-block-grid-2 xx-block-grid-1\">\r\n               <div class=\"item-columns\">\r\n            \r\n\t<div class=\"team-one__single elementor-repeater-item-05dd78d\">\r\n\t\t<div class=\"team-one__image\"><img decoding=\"async\" src=\"https:\/\/cpps.pt\/wp-content\/uploads\/2025\/06\/LuisMargaritacpps.webp?wsr\" alt=\"\" \/><\/div>\t\r\n\t\t<div class=\"team-one__content\">\r\n\t\t\t<div class=\"team-one__content-inner\">\r\n\t\t\t\t<div class=\"team-one__job\">Laicos de la Familia<\/div><h3 class=\"team-one__name\"><span>Margarita y Luis<\/span><\/h3><div class=\"team-one__social\"><div class=\"team-one__social-link\"><\/div><\/div>\t\t\t<\/div>   \r\n\t\t<\/div>\r\n\t<\/div>\t\t\r\n\r\n         <\/div>\r\n               <div class=\"item-columns\">\r\n            \r\n\t<div class=\"team-one__single elementor-repeater-item-7ff8df8\">\r\n\t\t<div class=\"team-one__image\"><img decoding=\"async\" src=\"https:\/\/cpps.pt\/wp-content\/uploads\/2025\/06\/francisco-cpps.webp?wsr\" alt=\"\" \/><\/div>\t\r\n\t\t<div class=\"team-one__content\">\r\n\t\t\t<div class=\"team-one__content-inner\">\r\n\t\t\t\t<div class=\"team-one__job\">Explorar<\/div><h3 class=\"team-one__name\"><span>Francisco<\/span><\/h3><div class=\"team-one__social\"><div class=\"team-one__social-link\"><\/div><\/div>\t\t\t<\/div>   \r\n\t\t<\/div>\r\n\t<\/div>\t\t\r\n\r\n         <\/div>\r\n         <\/div>   \r\n<\/div>\r\n<\/div>\t\t\t\t<\/div>\n\t\t\t\t<\/div>\n\t\t\t\t<div class=\"elementor-element elementor-element-df38168 elementor-widget elementor-widget-gva-testimonials\" data-id=\"df38168\" data-element_type=\"widget\" data-widget_type=\"gva-testimonials.default\">\n\t\t\t\t<div class=\"elementor-widget-container\">\n\t\t\t\t\t<div class=\"gva-element-gva-testimonials gva-element\">\r\n<div class=\"gsc-testimonial layout-carousel swiper-slider-wrapper style-3\">\r\n   <div class=\"swiper-content-inner\">\r\n      <div class=\"init-carousel-swiper swiper col-1\" data-carousel=\"{&quot;items&quot;:1,&quot;items_lg&quot;:1,&quot;items_md&quot;:1,&quot;items_sm&quot;:1,&quot;items_xs&quot;:1,&quot;items_xx&quot;:1,&quot;effect&quot;:&quot;slide&quot;,&quot;space_between&quot;:30,&quot;loop&quot;:1,&quot;speed&quot;:1200,&quot;autoplay&quot;:1,&quot;autoplay_delay&quot;:5000,&quot;autoplay_hover&quot;:1,&quot;navigation&quot;:1,&quot;pagination&quot;:0,&quot;dynamic_bullets&quot;:0,&quot;pagination_type&quot;:&quot;bullets&quot;}\">\r\n         <div class=\"swiper-wrapper\">\r\n                           <div class=\"swiper-slide\">\r\n                 <div class=\"testimonial-item style-3 elementor-repeater-item-8e2ecfa\">\r\n   \r\n     \r\n\r\n    \r\n\r\n         <div class=\"testimonial-three__single\">\r\n         <div class=\"testimonial-three__content\">\r\n            <span class=\"testimonial-three__quote-icon\"><i class=\"fas fa-quote-left\"><\/i><\/span>\r\n            <div class=\"testimonial-three__quote\">\r\n               Pertenecen al grupo de laicos de la Familia de la Preciosa Sangre en C\u00e1ceres, y motivados por nuestra espiritualidad, desde hace tiempo realizan trabajo voluntario en el restaurante social que atiende a las Hijas de la Caridad en esta ciudad, al que acuden diariamente para comer m\u00e1s de tres personas. Luis y Margarita, junto con otros voluntarios, ayudan a las monjas a distribuir comida a transe\u00fantes o residentes de la ciudad que no tienen recursos para comer.            <\/div>\r\n            <div class=\"testimonial-three__meta\">\r\n               <div class=\"testimonial-three__image\"><img decoding=\"async\" width=\"600\" height=\"600\" src=\"https:\/\/cpps.pt\/wp-content\/uploads\/2025\/06\/Luis-Margarita-cpps.webp\" alt=\"Margarida Recio e Lu\u00eds Fernandez\" \/><\/div>               <div class=\"testimonial-three__info\">\r\n                  <h4 class=\"testimonial-three__name\">Margarita Recio y Luis Fern\u00e1ndez.<\/h4>\r\n                  <div class=\"testimonial-three__job\">Laicos de la Familia<\/div>\r\n               <\/div>   \r\n            <\/div>\r\n         <\/div>\r\n      <\/div>  \r\n     \r\n\r\n<\/div>\r\n\r\n               <\/div>\r\n                           <div class=\"swiper-slide\">\r\n                 <div class=\"testimonial-item style-3 elementor-repeater-item-cba35f3\">\r\n   \r\n     \r\n\r\n    \r\n\r\n         <div class=\"testimonial-three__single\">\r\n         <div class=\"testimonial-three__content\">\r\n            <span class=\"testimonial-three__quote-icon\"><i class=\"fas fa-quote-left\"><\/i><\/span>\r\n            <div class=\"testimonial-three__quote\">\r\n               Conozco a los Misioneros de la Precios\u00edsima Sangre por su presencia en la comunidad parroquial local y por las diversas obras de caridad que realizan en pa\u00edses como Guinea-Bissau. A trav\u00e9s de los Scouts, recolectamos material escolar y scout para entregarlo a las comunidades de Guinea-Bissau. Esta iniciativa fomenta el voluntariado, el esp\u00edritu de servicio y la ayuda al pr\u00f3jimo.            <\/div>\r\n            <div class=\"testimonial-three__meta\">\r\n               <div class=\"testimonial-three__image\"><img decoding=\"async\" width=\"500\" height=\"500\" src=\"https:\/\/cpps.pt\/wp-content\/uploads\/2025\/06\/francisco-cpps-x.webp\" alt=\"Francisco\" \/><\/div>               <div class=\"testimonial-three__info\">\r\n                  <h4 class=\"testimonial-three__name\">Francisco<\/h4>\r\n                  <div class=\"testimonial-three__job\">Explorar<\/div>\r\n               <\/div>   \r\n            <\/div>\r\n         <\/div>\r\n      <\/div>  \r\n     \r\n\r\n<\/div>\r\n\r\n               <\/div>\r\n                     <\/div>\r\n      <\/div>\r\n   <\/div>   \r\n   <div class=\"swiper-pagination\"><\/div>   <div class=\"swiper-navagation\"><div class=\"swiper-nav-prev\"><\/div><div class=\"swiper-nav-next\"><\/div><\/div><\/div>\r\n<\/div>\t\t\t\t<\/div>\n\t\t\t\t<\/div>\n\t\t\t\t\t<\/div>\n\t\t\t\t<\/div>\n\t\t\t\t<div class=\"elementor-element elementor-element-78af4ab elementor-widget elementor-widget-gva-heading-block\" data-id=\"78af4ab\" data-element_type=\"widget\" data-widget_type=\"gva-heading-block.default\">\n\t\t\t\t<div class=\"elementor-widget-container\">\n\t\t\t\t\t<div class=\"gva-element-gva-heading-block gva-element\">   <div class=\"align-center style-1 widget gsc-heading box-align-center auto-responsive\">\r\n      <div class=\"content-inner\">\r\n         \r\n                  \r\n         <div class=\"sub-title\"><span class=\"tagline\">\u00danase a nosotros<\/span><\/div>  \r\n         \r\n                     <h2 class=\"title\">\r\n               <span>Voluntario<\/span>\r\n            <\/h2>\r\n                  \r\n         \r\n         \r\n      <\/div>\r\n   <\/div>\r\n<\/div>\t\t\t\t<\/div>\n\t\t\t\t<\/div>\n\t\t\t\t<div class=\"elementor-element elementor-element-23f084c elementor-widget__width-auto elementor-absolute elementor-hidden-mobile elementor-widget elementor-widget-image\" data-id=\"23f084c\" data-element_type=\"widget\" data-settings=\"{&quot;_position&quot;:&quot;absolute&quot;}\" data-widget_type=\"image.default\">\n\t\t\t\t<div class=\"elementor-widget-container\">\n\t\t\t\t\t\t\t\t\t\t\t\t\t\t\t<img loading=\"lazy\" decoding=\"async\" width=\"110\" height=\"94\" src=\"https:\/\/cpps.pt\/wp-content\/uploads\/2023\/04\/arrow.png\" class=\"attachment-full size-full wp-image-300\" alt=\"\" \/>\t\t\t\t\t\t\t\t\t\t\t\t\t\t\t<\/div>\n\t\t\t\t<\/div>\n\t\t\t\t<div class=\"elementor-element elementor-element-8cbd89a form-white elementor-widget elementor-widget-shortcode\" data-id=\"8cbd89a\" data-element_type=\"widget\" data-widget_type=\"shortcode.default\">\n\t\t\t\t<div class=\"elementor-widget-container\">\n\t\t\t\t\t\t\t<div class=\"elementor-shortcode\">\n<div class=\"wpcf7 no-js\" id=\"wpcf7-f630-o1\" lang=\"en-US\" dir=\"ltr\" data-wpcf7-id=\"630\">\n<div class=\"screen-reader-response\"><p role=\"status\" aria-live=\"polite\" aria-atomic=\"true\"><\/p> <ul><\/ul><\/div>\n<form action=\"\/es\/wp-json\/wp\/v2\/pages\/616#wpcf7-f630-o1\" method=\"post\" class=\"wpcf7-form init\" aria-label=\"Contact form\" novalidate=\"novalidate\" data-status=\"init\" data-trp-original-action=\"\/es\/wp-json\/wp\/v2\/pages\/616#wpcf7-f630-o1\">\n<div style=\"display: none;\">\n<input type=\"hidden\" name=\"_wpcf7\" value=\"630\" \/>\n<input type=\"hidden\" name=\"_wpcf7_version\" value=\"6.0.3\" \/>\n<input type=\"hidden\" name=\"_wpcf7_locale\" value=\"en_US\" \/>\n<input type=\"hidden\" name=\"_wpcf7_unit_tag\" value=\"wpcf7-f630-o1\" \/>\n<input type=\"hidden\" name=\"_wpcf7_container_post\" value=\"0\" \/>\n<input type=\"hidden\" name=\"_wpcf7_posted_data_hash\" value=\"\" \/>\n<input type=\"hidden\" name=\"_wpcf7_recaptcha_response\" value=\"\" \/>\n<\/div>\n<div class=\"row\">\n   <div class=\"col-sm-6 col-xs-12\">\n     <span class=\"wpcf7-form-control-wrap\" data-name=\"your-name\"><input size=\"40\" maxlength=\"400\" class=\"wpcf7-form-control wpcf7-text wpcf7-validates-as-required\" aria-required=\"true\" aria-invalid=\"false\" placeholder=\"Su nombre\" value=\"\" type=\"text\" name=\"your-name\" \/><\/span>\n   <\/div>\n   <div class=\"col-sm-6 col-xs-12\">\n     <span class=\"wpcf7-form-control-wrap\" data-name=\"your-phone\"><input size=\"40\" maxlength=\"400\" class=\"wpcf7-form-control wpcf7-text wpcf7-validates-as-required\" aria-required=\"true\" aria-invalid=\"false\" placeholder=\"Su correo electr\u00f3nico\" value=\"\" type=\"text\" name=\"your-phone\" \/><\/span>\n   <\/div>\n<\/div>\n<div class=\"row\">\n   <div class=\"col-sm-6 col-xs-12\">\n      <span class=\"wpcf7-form-control-wrap\" data-name=\"your-email\"><input size=\"40\" maxlength=\"400\" class=\"wpcf7-form-control wpcf7-email wpcf7-validates-as-required wpcf7-text wpcf7-validates-as-email\" aria-required=\"true\" aria-invalid=\"false\" placeholder=\"Tu tel\u00e9fono\" value=\"\" type=\"email\" name=\"your-email\" \/><\/span>\n   <\/div>\n   <div class=\"col-sm-6 col-xs-12\">\n      <span class=\"wpcf7-form-control-wrap\" data-name=\"your-subject\"><input size=\"40\" maxlength=\"400\" class=\"wpcf7-form-control wpcf7-text\" aria-invalid=\"false\" placeholder=\"Sujeto\" value=\"\" type=\"text\" name=\"your-subject\" \/><\/span>\n   <\/div>\n<\/div>\n<div class=\"row\">\n   <div class=\"col-sm-12 col-xs-12\">\n      <span class=\"wpcf7-form-control-wrap\" data-name=\"your-message\"><textarea cols=\"40\" rows=\"10\" maxlength=\"2000\" class=\"wpcf7-form-control wpcf7-textarea\" aria-invalid=\"false\" placeholder=\"Ingrese su mensaje...\" name=\"your-message\"><\/textarea><\/span>\n   <\/div>\n   <div class=\"col-sm-12 col-xs-12 action text-center\"><span class=\"form-action\"><input class=\"wpcf7-form-control wpcf7-submit has-spinner\" type=\"submit\" value=\"Enviar mensaje\" \/><\/span><\/div>\n<\/div><div class=\"wpcf7-response-output\" aria-hidden=\"true\"><\/div>\n<input type=\"hidden\" name=\"trp-form-language\" value=\"es\"\/><\/form>\n<\/div>\n<\/div>\n\t\t\t\t\t\t<\/div>\n\t\t\t\t<\/div>\n\t\t\t\t<div class=\"elementor-element elementor-element-9f7d566 elementor-widget elementor-widget-gva-gallery\" data-id=\"9f7d566\" data-element_type=\"widget\" data-widget_type=\"gva-gallery.default\">\n\t\t\t\t<div class=\"elementor-widget-container\">\n\t\t\t\t\t<div class=\"gva-element-gva-gallery gva-element\">\r\n<div class=\"gva-gallery-carousel swiper-slider-wrapper style-1\">\r\n\t<div class=\"swiper-content-inner\">\r\n   \t<div class=\"init-carousel-swiper swiper\" data-carousel=\"{&quot;items&quot;:5,&quot;items_lg&quot;:5,&quot;items_md&quot;:4,&quot;items_sm&quot;:3,&quot;items_xs&quot;:2,&quot;items_xx&quot;:2,&quot;effect&quot;:&quot;slide&quot;,&quot;space_between&quot;:30,&quot;loop&quot;:1,&quot;speed&quot;:1200,&quot;autoplay&quot;:1,&quot;autoplay_delay&quot;:5000,&quot;autoplay_hover&quot;:1,&quot;navigation&quot;:1,&quot;pagination&quot;:0,&quot;dynamic_bullets&quot;:0,&quot;pagination_type&quot;:&quot;bullets&quot;}\">\r\n      \t<div class=\"swiper-wrapper\">\r\n\t\t\t\t<div class=\"swiper-slide item\"><div class=\"gallery-one__single\"><div class=\"gallery-one__image\"><img decoding=\"async\" src=\"https:\/\/cpps.pt\/wp-content\/uploads\/2025\/06\/poiu-580x580.webp?wsr\" alt=\"Unidade de Enfermaria\" \/><\/div><a class=\"gallery-one__photo photo-gallery\" href=\"https:\/\/cpps.pt\/wp-content\/uploads\/2025\/06\/poiu.webp\" data-elementor-lightbox-slideshow=\"gallery-4twt\"><\/a><div class=\"gallery-one__content\"><div class=\"gallery-one__content-inner\"><h3 class=\"gallery-one__title\">Unidad de enfermer\u00eda<\/h3><div class=\"gallery-one__sub-title\">Salud<\/div><\/div><\/div><\/div><\/div><div class=\"swiper-slide item\"><div class=\"gallery-one__single\"><div class=\"gallery-one__image\"><img decoding=\"async\" src=\"https:\/\/cpps.pt\/wp-content\/uploads\/2023\/01\/gallery-2-580x580.jpg?wsr\" alt=\"Conv\u00edvio Infantil\" \/><\/div><a class=\"gallery-one__photo photo-gallery\" href=\"https:\/\/cpps.pt\/wp-content\/uploads\/2023\/01\/gallery-2.jpg\" data-elementor-lightbox-slideshow=\"gallery-4twt\"><\/a><div class=\"gallery-one__content\"><div class=\"gallery-one__content-inner\"><h3 class=\"gallery-one__title\">La vida social de los ni\u00f1os<\/h3><div class=\"gallery-one__sub-title\">Ense\u00f1anza<\/div><\/div><\/div><\/div><\/div><div class=\"swiper-slide item\"><div class=\"gallery-one__single\"><div class=\"gallery-one__image\"><img decoding=\"async\" src=\"https:\/\/cpps.pt\/wp-content\/uploads\/2025\/06\/uiooh-580x580.webp?wsr\" alt=\"Conhecimentos de Inform\u00e1tica\" \/><\/div><a class=\"gallery-one__photo photo-gallery\" href=\"https:\/\/cpps.pt\/wp-content\/uploads\/2025\/06\/uiooh.webp\" data-elementor-lightbox-slideshow=\"gallery-4twt\"><\/a><div class=\"gallery-one__content\"><div class=\"gallery-one__content-inner\"><h3 class=\"gallery-one__title\">Conocimientos de inform\u00e1tica<\/h3><div class=\"gallery-one__sub-title\">Capacitaci\u00f3n<\/div><\/div><\/div><\/div><\/div><div class=\"swiper-slide item\"><div class=\"gallery-one__single\"><div class=\"gallery-one__image\"><img decoding=\"async\" src=\"https:\/\/cpps.pt\/wp-content\/uploads\/2025\/06\/uhgfghj-580x580.webp?wsr\" alt=\"Constru\u00e7\u00e3o Civil\" \/><\/div><a class=\"gallery-one__photo photo-gallery\" href=\"https:\/\/cpps.pt\/wp-content\/uploads\/2025\/06\/uhgfghj.webp\" data-elementor-lightbox-slideshow=\"gallery-4twt\"><\/a><div class=\"gallery-one__content\"><div class=\"gallery-one__content-inner\"><h3 class=\"gallery-one__title\">Construcci\u00f3n civil<\/h3><div class=\"gallery-one__sub-title\">Edificaci\u00f3n<\/div><\/div><\/div><\/div><\/div><div class=\"swiper-slide item\"><div class=\"gallery-one__single\"><div class=\"gallery-one__image\"><img decoding=\"async\" src=\"https:\/\/cpps.pt\/wp-content\/uploads\/2025\/06\/wfghj-580x580.webp?wsr\" alt=\"Material Escolar\" \/><\/div><a class=\"gallery-one__photo photo-gallery\" href=\"https:\/\/cpps.pt\/wp-content\/uploads\/2025\/06\/wfghj.webp\" data-elementor-lightbox-slideshow=\"gallery-4twt\"><\/a><div class=\"gallery-one__content\"><div class=\"gallery-one__content-inner\"><h3 class=\"gallery-one__title\">\u00datiles escolares<\/h3><div class=\"gallery-one__sub-title\">Educaci\u00f3n<\/div><\/div><\/div><\/div><\/div>\t\t\t<\/div>\r\n\t\t<\/div>\r\n\t<\/div>\r\n\t<div class=\"swiper-pagination\"><\/div>   <div class=\"swiper-nav-next\"><\/div><div class=\"swiper-nav-prev\"><\/div><\/div>\r\n<\/div>\t\t\t\t<\/div>\n\t\t\t\t<\/div>\n\t\t\t\t<\/div>\n\t\t\t\t<\/div>\n\t\t\t\t<\/div>","protected":false},"excerpt":{"rendered":"<p>Voluntariado Juntos Ajudamos&#8230; ..a melhorar a vida de quem mais precisa! Fazemos a ponte em torno de ideias e em conjunto, damos-lhes vida. Objetivo Percentual de Voluntariado Web Designer 82% Alguns dos Nossos Volunt\u00e1rios Laicos de la Familia Margarita e Luis Escuteiro Francisco Pertenecen al grupo de laicos de la Familia de la Preciosa Sangre [&hellip;]<\/p>","protected":false},"author":2,"featured_media":0,"parent":0,"menu_order":0,"comment_status":"closed","ping_status":"closed","template":"","meta":{"iawp_total_views":41,"footnotes":""},"class_list":["post-616","page","type-page","status-publish","hentry"],"_links":{"self":[{"href":"https:\/\/cpps.pt\/es\/wp-json\/wp\/v2\/pages\/616"}],"collection":[{"href":"https:\/\/cpps.pt\/es\/wp-json\/wp\/v2\/pages"}],"about":[{"href":"https:\/\/cpps.pt\/es\/wp-json\/wp\/v2\/types\/page"}],"author":[{"embeddable":true,"href":"https:\/\/cpps.pt\/es\/wp-json\/wp\/v2\/users\/2"}],"replies":[{"embeddable":true,"href":"https:\/\/cpps.pt\/es\/wp-json\/wp\/v2\/comments?post=616"}],"version-history":[{"count":85,"href":"https:\/\/cpps.pt\/es\/wp-json\/wp\/v2\/pages\/616\/revisions"}],"predecessor-version":[{"id":50198,"href":"https:\/\/cpps.pt\/es\/wp-json\/wp\/v2\/pages\/616\/revisions\/50198"}],"wp:attachment":[{"href":"https:\/\/cpps.pt\/es\/wp-json\/wp\/v2\/media?parent=616"}],"curies":[{"name":"wp","href":"https:\/\/api.w.org\/{rel}","templated":true}]}}